{"id":5767,"date":"2023-04-14T17:08:40","date_gmt":"2023-04-14T16:08:40","guid":{"rendered":"https:\/\/nepto.net\/produit\/bracelet-oyster-noir-22mm-demontage-rapide\/"},"modified":"2023-04-14T17:08:40","modified_gmt":"2023-04-14T16:08:40","slug":"bracelet-oyster-noir-22mm-demontage-rapide","status":"publish","type":"product","link":"https:\/\/nepto.net\/fr\/produit\/bracelet-oyster-noir-22mm-demontage-rapide\/","title":{"rendered":"Bracelet Oyster Noir 22mm &#8211; d\u00e9montage rapide"},"content":{"rendered":"<p>COULEUR Noir<\/p>\n<p>MAT\u00c9RIAUX Oyster en acier inoxydable<\/p>\n<p>LIBERATION RAPIDE Oui<\/p>\n<p>Largeur 22mm<\/p>\n<p>\u00c9PAISSEUR 2.5mm<\/p>\n<p>LONGUEUR 115mm\/85mm<\/p>\n<p>\u00c9TANCH\u00c9IT\u00c9 Oui<\/p>\n","protected":false},"excerpt":{"rendered":"<p>Nous avons le plaisir de vous pr\u00e9senter notre bracelet de montre Oyster de haute qualit\u00e9. Taille 22mm et attache rapide.<\/p>\n<p>D&rsquo;allure tr\u00e8s masculine, ce bracelet NEPTO vous accompagnera lors de vos promenades quotidiennes. Il p\u00e8se 113 grammes et sera votre indispensable.<\/p>\n<p>Nous avons utilis\u00e9 un fil d&rsquo;acier inoxydable de 2,5 mm d&rsquo;\u00e9paisseur, tiss\u00e9 de mani\u00e8re tr\u00e8s serr\u00e9e, ce qui lui conf\u00e8re un toucher soyeux.<\/p>\n","protected":false},"featured_media":5764,"comment_status":"open","ping_status":"closed","template":"","meta":{"_acf_changed":false},"product_brand":[],"product_cat":[287],"product_tag":[394,395,390,454,458,393,392,363,468,498,497,399,400,398,401,389,387,388],"class_list":{"0":"post-5767","1":"product","2":"type-product","3":"status-publish","4":"has-post-thumbnail","6":"product_cat-bracelets","7":"product_tag-armband-fr","8":"product_tag-armbander-fr","9":"product_tag-band-fr","10":"product_tag-black-band-fr","11":"product_tag-black-strap-fr","12":"product_tag-bracelets-fr","13":"product_tag-bracelets-de-montre-fr","14":"product_tag-buckle-fr","15":"product_tag-mesh-metal-fr","16":"product_tag-mesh-metal-band-fr","17":"product_tag-mesh-metal-strap-fr","18":"product_tag-presto-fr","19":"product_tag-presto-system-fr","20":"product_tag-quick-release-fr","21":"product_tag-spring-bar-fr","22":"product_tag-strap-fr","23":"product_tag-watch-band-fr","24":"product_tag-watch-strap-fr","26":"first","27":"instock","28":"taxable","29":"shipping-taxable","30":"purchasable","31":"product-type-simple","33":"catalog-layout-default","34":"columns-xs-2"},"acf":[],"yoast_head":"<!-- This site is optimized with the Yoast SEO plugin v27.4 - https:\/\/yoast.com\/product\/yoast-seo-wordpress\/ -->\n<title>Bracelet Oyster Noir 22mm - d\u00e9montage rapide - NEPTO<\/title>\n<meta name=\"description\" content=\"Bracelet Oyster Noir 22mm - d\u00e9montage rapide : Nous sommes heureux de vous pr\u00e9senter notre bracelet de montre Oyster noir de haute qualit\u00e9. Un classique de l&#039;industrie horlog\u00e8re.\" \/>\n<meta name=\"robots\" content=\"index, follow, max-snippet:-1, max-image-preview:large, max-video-preview:-1\" \/>\n<link rel=\"canonical\" href=\"https:\/\/nepto.net\/fr\/produit\/bracelet-oyster-noir-22mm-demontage-rapide\/\" \/>\n<meta property=\"og:locale\" content=\"fr_FR\" \/>\n<meta property=\"og:type\" content=\"article\" \/>\n<meta property=\"og:title\" content=\"Bracelet Oyster Noir 22mm - d\u00e9montage rapide - NEPTO\" \/>\n<meta property=\"og:description\" content=\"Bracelet Oyster Noir 22mm - d\u00e9montage rapide : Nous sommes heureux de vous pr\u00e9senter notre bracelet de montre Oyster noir de haute qualit\u00e9. Un classique de l&#039;industrie horlog\u00e8re.\" \/>\n<meta property=\"og:url\" content=\"https:\/\/nepto.net\/fr\/produit\/bracelet-oyster-noir-22mm-demontage-rapide\/\" \/>\n<meta property=\"og:site_name\" content=\"NEPTO\" \/>\n<meta property=\"article:publisher\" content=\"https:\/\/www.facebook.com\/nepto.official\" \/>\n<meta property=\"og:image\" content=\"https:\/\/nepto.net\/wp-content\/uploads\/2023\/04\/BOM22.jpg\" \/>\n\t<meta property=\"og:image:width\" content=\"1500\" \/>\n\t<meta property=\"og:image:height\" content=\"2000\" \/>\n\t<meta property=\"og:image:type\" content=\"image\/jpeg\" \/>\n<script type=\"application\/ld+json\" class=\"yoast-schema-graph\">{\"@context\":\"https:\\\/\\\/schema.org\",\"@graph\":[{\"@type\":\"WebPage\",\"@id\":\"https:\\\/\\\/nepto.net\\\/fr\\\/produit\\\/bracelet-oyster-noir-22mm-demontage-rapide\\\/\",\"url\":\"https:\\\/\\\/nepto.net\\\/fr\\\/produit\\\/bracelet-oyster-noir-22mm-demontage-rapide\\\/\",\"name\":\"Bracelet Oyster Noir 22mm - d\u00e9montage rapide - NEPTO\",\"isPartOf\":{\"@id\":\"https:\\\/\\\/nepto.net\\\/fr\\\/#website\"},\"primaryImageOfPage\":{\"@id\":\"https:\\\/\\\/nepto.net\\\/fr\\\/produit\\\/bracelet-oyster-noir-22mm-demontage-rapide\\\/#primaryimage\"},\"image\":{\"@id\":\"https:\\\/\\\/nepto.net\\\/fr\\\/produit\\\/bracelet-oyster-noir-22mm-demontage-rapide\\\/#primaryimage\"},\"thumbnailUrl\":\"https:\\\/\\\/nepto.net\\\/wp-content\\\/uploads\\\/2023\\\/04\\\/BOM22.jpg\",\"datePublished\":\"2023-04-14T16:08:40+00:00\",\"description\":\"Bracelet Oyster Noir 22mm - d\u00e9montage rapide : Nous sommes heureux de vous pr\u00e9senter notre bracelet de montre Oyster noir de haute qualit\u00e9. Un classique de l'industrie horlog\u00e8re.\",\"breadcrumb\":{\"@id\":\"https:\\\/\\\/nepto.net\\\/fr\\\/produit\\\/bracelet-oyster-noir-22mm-demontage-rapide\\\/#breadcrumb\"},\"inLanguage\":\"fr-FR\",\"potentialAction\":[{\"@type\":\"ReadAction\",\"target\":[\"https:\\\/\\\/nepto.net\\\/fr\\\/produit\\\/bracelet-oyster-noir-22mm-demontage-rapide\\\/\"]}]},{\"@type\":\"ImageObject\",\"inLanguage\":\"fr-FR\",\"@id\":\"https:\\\/\\\/nepto.net\\\/fr\\\/produit\\\/bracelet-oyster-noir-22mm-demontage-rapide\\\/#primaryimage\",\"url\":\"https:\\\/\\\/nepto.net\\\/wp-content\\\/uploads\\\/2023\\\/04\\\/BOM22.jpg\",\"contentUrl\":\"https:\\\/\\\/nepto.net\\\/wp-content\\\/uploads\\\/2023\\\/04\\\/BOM22.jpg\",\"width\":1500,\"height\":2000},{\"@type\":\"BreadcrumbList\",\"@id\":\"https:\\\/\\\/nepto.net\\\/fr\\\/produit\\\/bracelet-oyster-noir-22mm-demontage-rapide\\\/#breadcrumb\",\"itemListElement\":[{\"@type\":\"ListItem\",\"position\":1,\"name\":\"Accueil\",\"item\":\"https:\\\/\\\/nepto.net\\\/fr\\\/\"},{\"@type\":\"ListItem\",\"position\":2,\"name\":\"Page boutique woocommerce\",\"item\":\"https:\\\/\\\/nepto.net\\\/pageboutique\\\/\"},{\"@type\":\"ListItem\",\"position\":3,\"name\":\"Bracelet Oyster Noir 22mm &#8211; d\u00e9montage rapide\"}]},{\"@type\":\"WebSite\",\"@id\":\"https:\\\/\\\/nepto.net\\\/fr\\\/#website\",\"url\":\"https:\\\/\\\/nepto.net\\\/fr\\\/\",\"name\":\"NEPTO\",\"description\":\"A new shape of time\",\"publisher\":{\"@id\":\"https:\\\/\\\/nepto.net\\\/fr\\\/#organization\"},\"potentialAction\":[{\"@type\":\"SearchAction\",\"target\":{\"@type\":\"EntryPoint\",\"urlTemplate\":\"https:\\\/\\\/nepto.net\\\/fr\\\/?s={search_term_string}\"},\"query-input\":{\"@type\":\"PropertyValueSpecification\",\"valueRequired\":true,\"valueName\":\"search_term_string\"}}],\"inLanguage\":\"fr-FR\"},{\"@type\":\"Organization\",\"@id\":\"https:\\\/\\\/nepto.net\\\/fr\\\/#organization\",\"name\":\"NEPTO\",\"url\":\"https:\\\/\\\/nepto.net\\\/fr\\\/\",\"logo\":{\"@type\":\"ImageObject\",\"inLanguage\":\"fr-FR\",\"@id\":\"https:\\\/\\\/nepto.net\\\/fr\\\/#\\\/schema\\\/logo\\\/image\\\/\",\"url\":\"https:\\\/\\\/nepto.net\\\/wp-content\\\/uploads\\\/2023\\\/03\\\/logo-nepto-website.jpg\",\"contentUrl\":\"https:\\\/\\\/nepto.net\\\/wp-content\\\/uploads\\\/2023\\\/03\\\/logo-nepto-website.jpg\",\"width\":696,\"height\":696,\"caption\":\"NEPTO\"},\"image\":{\"@id\":\"https:\\\/\\\/nepto.net\\\/fr\\\/#\\\/schema\\\/logo\\\/image\\\/\"},\"sameAs\":[\"https:\\\/\\\/www.facebook.com\\\/nepto.official\",\"https:\\\/\\\/www.instagram.com\\\/nepto.official\\\/?hl=en\",\"https:\\\/\\\/www.pinterest.de\\\/neptowatch\\\/_created\\\/\",\"https:\\\/\\\/www.youtube.com\\\/channel\\\/UClEuoywFQJM9wyoFqIqNT-Q\"]}]}<\/script>\n<!-- \/ Yoast SEO plugin. -->","yoast_head_json":{"title":"Bracelet Oyster Noir 22mm - d\u00e9montage rapide - NEPTO","description":"Bracelet Oyster Noir 22mm - d\u00e9montage rapide : Nous sommes heureux de vous pr\u00e9senter notre bracelet de montre Oyster noir de haute qualit\u00e9. Un classique de l'industrie horlog\u00e8re.","robots":{"index":"index","follow":"follow","max-snippet":"max-snippet:-1","max-image-preview":"max-image-preview:large","max-video-preview":"max-video-preview:-1"},"canonical":"https:\/\/nepto.net\/fr\/produit\/bracelet-oyster-noir-22mm-demontage-rapide\/","og_locale":"fr_FR","og_type":"article","og_title":"Bracelet Oyster Noir 22mm - d\u00e9montage rapide - NEPTO","og_description":"Bracelet Oyster Noir 22mm - d\u00e9montage rapide : Nous sommes heureux de vous pr\u00e9senter notre bracelet de montre Oyster noir de haute qualit\u00e9. Un classique de l'industrie horlog\u00e8re.","og_url":"https:\/\/nepto.net\/fr\/produit\/bracelet-oyster-noir-22mm-demontage-rapide\/","og_site_name":"NEPTO","article_publisher":"https:\/\/www.facebook.com\/nepto.official","og_image":[{"width":1500,"height":2000,"url":"https:\/\/nepto.net\/wp-content\/uploads\/2023\/04\/BOM22.jpg","type":"image\/jpeg"}],"schema":{"@context":"https:\/\/schema.org","@graph":[{"@type":"WebPage","@id":"https:\/\/nepto.net\/fr\/produit\/bracelet-oyster-noir-22mm-demontage-rapide\/","url":"https:\/\/nepto.net\/fr\/produit\/bracelet-oyster-noir-22mm-demontage-rapide\/","name":"Bracelet Oyster Noir 22mm - d\u00e9montage rapide - NEPTO","isPartOf":{"@id":"https:\/\/nepto.net\/fr\/#website"},"primaryImageOfPage":{"@id":"https:\/\/nepto.net\/fr\/produit\/bracelet-oyster-noir-22mm-demontage-rapide\/#primaryimage"},"image":{"@id":"https:\/\/nepto.net\/fr\/produit\/bracelet-oyster-noir-22mm-demontage-rapide\/#primaryimage"},"thumbnailUrl":"https:\/\/nepto.net\/wp-content\/uploads\/2023\/04\/BOM22.jpg","datePublished":"2023-04-14T16:08:40+00:00","description":"Bracelet Oyster Noir 22mm - d\u00e9montage rapide : Nous sommes heureux de vous pr\u00e9senter notre bracelet de montre Oyster noir de haute qualit\u00e9. Un classique de l'industrie horlog\u00e8re.","breadcrumb":{"@id":"https:\/\/nepto.net\/fr\/produit\/bracelet-oyster-noir-22mm-demontage-rapide\/#breadcrumb"},"inLanguage":"fr-FR","potentialAction":[{"@type":"ReadAction","target":["https:\/\/nepto.net\/fr\/produit\/bracelet-oyster-noir-22mm-demontage-rapide\/"]}]},{"@type":"ImageObject","inLanguage":"fr-FR","@id":"https:\/\/nepto.net\/fr\/produit\/bracelet-oyster-noir-22mm-demontage-rapide\/#primaryimage","url":"https:\/\/nepto.net\/wp-content\/uploads\/2023\/04\/BOM22.jpg","contentUrl":"https:\/\/nepto.net\/wp-content\/uploads\/2023\/04\/BOM22.jpg","width":1500,"height":2000},{"@type":"BreadcrumbList","@id":"https:\/\/nepto.net\/fr\/produit\/bracelet-oyster-noir-22mm-demontage-rapide\/#breadcrumb","itemListElement":[{"@type":"ListItem","position":1,"name":"Accueil","item":"https:\/\/nepto.net\/fr\/"},{"@type":"ListItem","position":2,"name":"Page boutique woocommerce","item":"https:\/\/nepto.net\/pageboutique\/"},{"@type":"ListItem","position":3,"name":"Bracelet Oyster Noir 22mm &#8211; d\u00e9montage rapide"}]},{"@type":"WebSite","@id":"https:\/\/nepto.net\/fr\/#website","url":"https:\/\/nepto.net\/fr\/","name":"NEPTO","description":"A new shape of time","publisher":{"@id":"https:\/\/nepto.net\/fr\/#organization"},"potentialAction":[{"@type":"SearchAction","target":{"@type":"EntryPoint","urlTemplate":"https:\/\/nepto.net\/fr\/?s={search_term_string}"},"query-input":{"@type":"PropertyValueSpecification","valueRequired":true,"valueName":"search_term_string"}}],"inLanguage":"fr-FR"},{"@type":"Organization","@id":"https:\/\/nepto.net\/fr\/#organization","name":"NEPTO","url":"https:\/\/nepto.net\/fr\/","logo":{"@type":"ImageObject","inLanguage":"fr-FR","@id":"https:\/\/nepto.net\/fr\/#\/schema\/logo\/image\/","url":"https:\/\/nepto.net\/wp-content\/uploads\/2023\/03\/logo-nepto-website.jpg","contentUrl":"https:\/\/nepto.net\/wp-content\/uploads\/2023\/03\/logo-nepto-website.jpg","width":696,"height":696,"caption":"NEPTO"},"image":{"@id":"https:\/\/nepto.net\/fr\/#\/schema\/logo\/image\/"},"sameAs":["https:\/\/www.facebook.com\/nepto.official","https:\/\/www.instagram.com\/nepto.official\/?hl=en","https:\/\/www.pinterest.de\/neptowatch\/_created\/","https:\/\/www.youtube.com\/channel\/UClEuoywFQJM9wyoFqIqNT-Q"]}]}},"_links":{"self":[{"href":"https:\/\/nepto.net\/fr\/wp-json\/wp\/v2\/product\/5767","targetHints":{"allow":["GET"]}}],"collection":[{"href":"https:\/\/nepto.net\/fr\/wp-json\/wp\/v2\/product"}],"about":[{"href":"https:\/\/nepto.net\/fr\/wp-json\/wp\/v2\/types\/product"}],"replies":[{"embeddable":true,"href":"https:\/\/nepto.net\/fr\/wp-json\/wp\/v2\/comments?post=5767"}],"wp:featuredmedia":[{"embeddable":true,"href":"https:\/\/nepto.net\/fr\/wp-json\/wp\/v2\/media\/5764"}],"wp:attachment":[{"href":"https:\/\/nepto.net\/fr\/wp-json\/wp\/v2\/media?parent=5767"}],"wp:term":[{"taxonomy":"product_brand","embeddable":true,"href":"https:\/\/nepto.net\/fr\/wp-json\/wp\/v2\/product_brand?post=5767"},{"taxonomy":"product_cat","embeddable":true,"href":"https:\/\/nepto.net\/fr\/wp-json\/wp\/v2\/product_cat?post=5767"},{"taxonomy":"product_tag","embeddable":true,"href":"https:\/\/nepto.net\/fr\/wp-json\/wp\/v2\/product_tag?post=5767"}],"curies":[{"name":"wp","href":"https:\/\/api.w.org\/{rel}","templated":true}]}}