{"id":5589,"date":"2023-03-25T01:10:20","date_gmt":"2023-03-25T00:10:20","guid":{"rendered":"https:\/\/nepto.net\/produit\/green-spectra-cuir-corda-marron\/"},"modified":"2024-04-18T18:13:12","modified_gmt":"2024-04-18T17:13:12","slug":"green-spectra-cuir-corda-marron","status":"publish","type":"product","link":"https:\/\/nepto.net\/fr\/produit\/green-spectra-cuir-corda-marron\/","title":{"rendered":"Montre Green Spectra &#8211; Cuir Corda Marron"},"content":{"rendered":"<p class=\"p1\">COULEUR Vert, beige, M\u00e9tal bross\u00e9<\/p>\n<p class=\"p1\">DIAM\u00c8TRE DU BOITIER 40 mm<\/p>\n<p class=\"p1\">\u00c9PAISSEUR DU BOITIER 7mm<\/p>\n<p class=\"p1\">FORME DU BOITIER Hexagonal<\/p>\n<p class=\"p1\">MATI\u00c8RE DU\u00a0BOITIER Acier 316L, m\u00e9tal bross\u00e9<\/p>\n<p class=\"p1\">FINITION DU CADRAN Semi Mat<\/p>\n<p class=\"p1\">COULEURS DU CADRAN Vert British<\/p>\n<p class=\"p1\">FORME DU VERRE plat<\/p>\n<p class=\"p1\">QUALIT\u00c9 DU VERRE Verre min\u00e9ral K1 ( durci )<\/p>\n<p class=\"p1\">COURONNE 1 couronne de remontage<\/p>\n<p class=\"p1\">CALIBRES (MOUVEMENTS) Quarz Miyota 1L22<\/p>\n<p class=\"p1\">SP\u00c9CIFICIT\u00c9S D&rsquo;AFFICHAGE Aiguilles avec traitement SuperLuminova, chiffres arabes<\/p>\n<p class=\"p1\">\u00c9TANCHE 5 ATM<\/p>\n<p class=\"p1\">STYLE Urban , Design , Trend<\/p>\n<p class=\"p1\">GARANTIE 2 ans<\/p>\n<p class=\"p1\">TYPE DE GARANTIE Monde<\/p>\n","protected":false},"excerpt":{"rendered":"<p>Symbolis\u00e9 par une teinte vert fonc\u00e9 originale et une teinte noire sur les contours, le cadran est rehauss\u00e9 par une finition qui capte les rayons lumineux et fait varier le vert du cadran en une multitude de nuances diff\u00e9rentes selon la lumi\u00e8re ambiante ou l&rsquo;angle du poignet. Les aiguilles sont habill\u00e9es d&rsquo;un vert kaki qui se marie parfaitement avec le fond du cadran. De fins chevrons d\u00e9limitent le cadran et ses contours noirs et marquent la forme distinctive du bo\u00eetier.<\/p>\n<p>NEPTO a associ\u00e9 la Green Spectra \u00e0 un bracelet marron corda, fabriqu\u00e9 en Italie et dot\u00e9 d&rsquo;une attache rapide. Cela vous donnera un style appropri\u00e9.<\/p>\n<p>Voir les d\u00e9tails de la montre ci-dessous.<\/p>\n","protected":false},"featured_media":6085,"comment_status":"open","ping_status":"closed","template":"","meta":{"_acf_changed":false},"product_brand":[],"product_cat":[291,288],"product_tag":[394,395,390,362,396,393,392,402,363,397,403,391,399,400,398,401,389,387,388],"class_list":{"0":"post-5589","1":"product","2":"type-product","3":"status-publish","4":"has-post-thumbnail","6":"product_cat-collection-shield-fr","7":"product_cat-montres","8":"product_tag-armband-fr","9":"product_tag-armbander-fr","10":"product_tag-band-fr","11":"product_tag-bracelet-cuir-italien","12":"product_tag-bracelet-en-cuir-fr","13":"product_tag-bracelets-fr","14":"product_tag-bracelets-de-montre-fr","15":"product_tag-brush-metal-fr","16":"product_tag-buckle-fr","17":"product_tag-cuir-italien-fr","18":"product_tag-handcrafted-fr","19":"product_tag-italian-leather-fr","20":"product_tag-presto-fr","21":"product_tag-presto-system-fr","22":"product_tag-quick-release-fr","23":"product_tag-spring-bar-fr","24":"product_tag-strap-fr","25":"product_tag-watch-band-fr","26":"product_tag-watch-strap-fr","28":"first","29":"instock","30":"taxable","31":"shipping-taxable","32":"purchasable","33":"product-type-simple","35":"catalog-layout-default","36":"columns-xs-2"},"acf":[],"yoast_head":"<!-- This site is optimized with the Yoast SEO plugin v27.2 - https:\/\/yoast.com\/product\/yoast-seo-wordpress\/ -->\n<title>Montre verte - Cuir Marron<\/title>\n<meta name=\"description\" content=\"Montre verte - Cuir Marron : NEPTO a associ\u00e9 la Green Spectra \u00e0 un bracelet marron corda, fabriqu\u00e9 en Italie et dot\u00e9 d&#039;une attache rapide. Cela vous donnera un style appropri\u00e9.\" \/>\n<meta name=\"robots\" content=\"index, follow, max-snippet:-1, max-image-preview:large, max-video-preview:-1\" \/>\n<link rel=\"canonical\" href=\"https:\/\/nepto.net\/fr\/produit\/green-spectra-cuir-corda-marron\/\" \/>\n<meta property=\"og:locale\" content=\"fr_FR\" \/>\n<meta property=\"og:type\" content=\"article\" \/>\n<meta property=\"og:title\" content=\"Montre verte - Cuir Marron\" \/>\n<meta property=\"og:description\" content=\"Montre verte - Cuir Marron : NEPTO a associ\u00e9 la Green Spectra \u00e0 un bracelet marron corda, fabriqu\u00e9 en Italie et dot\u00e9 d&#039;une attache rapide. Cela vous donnera un style appropri\u00e9.\" \/>\n<meta property=\"og:url\" content=\"https:\/\/nepto.net\/fr\/produit\/green-spectra-cuir-corda-marron\/\" \/>\n<meta property=\"og:site_name\" content=\"NEPTO\" \/>\n<meta property=\"article:publisher\" content=\"https:\/\/www.facebook.com\/nepto.official\" \/>\n<meta property=\"article:modified_time\" content=\"2024-04-18T17:13:12+00:00\" \/>\n<meta property=\"og:image\" content=\"https:\/\/nepto.net\/wp-content\/uploads\/2023\/11\/SGS-BrCoL22-mirror.png\" \/>\n\t<meta property=\"og:image:width\" content=\"1001\" \/>\n\t<meta property=\"og:image:height\" content=\"1001\" \/>\n\t<meta property=\"og:image:type\" content=\"image\/png\" \/>\n<meta name=\"twitter:label1\" content=\"Dur\u00e9e de lecture estim\u00e9e\" \/>\n\t<meta name=\"twitter:data1\" content=\"1 minute\" \/>\n<script type=\"application\/ld+json\" class=\"yoast-schema-graph\">{\"@context\":\"https:\/\/schema.org\",\"@graph\":[{\"@type\":\"WebPage\",\"@id\":\"https:\/\/nepto.net\/fr\/produit\/green-spectra-cuir-corda-marron\/\",\"url\":\"https:\/\/nepto.net\/fr\/produit\/green-spectra-cuir-corda-marron\/\",\"name\":\"Montre verte - Cuir Marron\",\"isPartOf\":{\"@id\":\"https:\/\/nepto.net\/fr\/#website\"},\"primaryImageOfPage\":{\"@id\":\"https:\/\/nepto.net\/fr\/produit\/green-spectra-cuir-corda-marron\/#primaryimage\"},\"image\":{\"@id\":\"https:\/\/nepto.net\/fr\/produit\/green-spectra-cuir-corda-marron\/#primaryimage\"},\"thumbnailUrl\":\"https:\/\/nepto.net\/wp-content\/uploads\/2023\/11\/SGS-BrCoL22-mirror.png\",\"datePublished\":\"2023-03-25T00:10:20+00:00\",\"dateModified\":\"2024-04-18T17:13:12+00:00\",\"description\":\"Montre verte - Cuir Marron : NEPTO a associ\u00e9 la Green Spectra \u00e0 un bracelet marron corda, fabriqu\u00e9 en Italie et dot\u00e9 d'une attache rapide. Cela vous donnera un style appropri\u00e9.\",\"breadcrumb\":{\"@id\":\"https:\/\/nepto.net\/fr\/produit\/green-spectra-cuir-corda-marron\/#breadcrumb\"},\"inLanguage\":\"fr-FR\",\"potentialAction\":[{\"@type\":\"ReadAction\",\"target\":[\"https:\/\/nepto.net\/fr\/produit\/green-spectra-cuir-corda-marron\/\"]}]},{\"@type\":\"ImageObject\",\"inLanguage\":\"fr-FR\",\"@id\":\"https:\/\/nepto.net\/fr\/produit\/green-spectra-cuir-corda-marron\/#primaryimage\",\"url\":\"https:\/\/nepto.net\/wp-content\/uploads\/2023\/11\/SGS-BrCoL22-mirror.png\",\"contentUrl\":\"https:\/\/nepto.net\/wp-content\/uploads\/2023\/11\/SGS-BrCoL22-mirror.png\",\"width\":1001,\"height\":1001},{\"@type\":\"BreadcrumbList\",\"@id\":\"https:\/\/nepto.net\/fr\/produit\/green-spectra-cuir-corda-marron\/#breadcrumb\",\"itemListElement\":[{\"@type\":\"ListItem\",\"position\":1,\"name\":\"Accueil\",\"item\":\"https:\/\/nepto.net\/fr\/\"},{\"@type\":\"ListItem\",\"position\":2,\"name\":\"Page boutique woocommerce\",\"item\":\"https:\/\/nepto.net\/pageboutique\/\"},{\"@type\":\"ListItem\",\"position\":3,\"name\":\"Montre Green Spectra &#8211; Cuir Corda Marron\"}]},{\"@type\":\"WebSite\",\"@id\":\"https:\/\/nepto.net\/fr\/#website\",\"url\":\"https:\/\/nepto.net\/fr\/\",\"name\":\"NEPTO\",\"description\":\"A new shape of time\",\"publisher\":{\"@id\":\"https:\/\/nepto.net\/fr\/#organization\"},\"potentialAction\":[{\"@type\":\"SearchAction\",\"target\":{\"@type\":\"EntryPoint\",\"urlTemplate\":\"https:\/\/nepto.net\/fr\/?s={search_term_string}\"},\"query-input\":{\"@type\":\"PropertyValueSpecification\",\"valueRequired\":true,\"valueName\":\"search_term_string\"}}],\"inLanguage\":\"fr-FR\"},{\"@type\":\"Organization\",\"@id\":\"https:\/\/nepto.net\/fr\/#organization\",\"name\":\"NEPTO\",\"url\":\"https:\/\/nepto.net\/fr\/\",\"logo\":{\"@type\":\"ImageObject\",\"inLanguage\":\"fr-FR\",\"@id\":\"https:\/\/nepto.net\/fr\/#\/schema\/logo\/image\/\",\"url\":\"https:\/\/nepto.net\/wp-content\/uploads\/2023\/03\/logo-nepto-website.jpg\",\"contentUrl\":\"https:\/\/nepto.net\/wp-content\/uploads\/2023\/03\/logo-nepto-website.jpg\",\"width\":696,\"height\":696,\"caption\":\"NEPTO\"},\"image\":{\"@id\":\"https:\/\/nepto.net\/fr\/#\/schema\/logo\/image\/\"},\"sameAs\":[\"https:\/\/www.facebook.com\/nepto.official\",\"https:\/\/www.instagram.com\/nepto.official\/?hl=en\",\"https:\/\/www.pinterest.de\/neptowatch\/_created\/\",\"https:\/\/www.youtube.com\/channel\/UClEuoywFQJM9wyoFqIqNT-Q\"]}]}<\/script>\n<!-- \/ Yoast SEO plugin. -->","yoast_head_json":{"title":"Montre verte - Cuir Marron","description":"Montre verte - Cuir Marron : NEPTO a associ\u00e9 la Green Spectra \u00e0 un bracelet marron corda, fabriqu\u00e9 en Italie et dot\u00e9 d'une attache rapide. Cela vous donnera un style appropri\u00e9.","robots":{"index":"index","follow":"follow","max-snippet":"max-snippet:-1","max-image-preview":"max-image-preview:large","max-video-preview":"max-video-preview:-1"},"canonical":"https:\/\/nepto.net\/fr\/produit\/green-spectra-cuir-corda-marron\/","og_locale":"fr_FR","og_type":"article","og_title":"Montre verte - Cuir Marron","og_description":"Montre verte - Cuir Marron : NEPTO a associ\u00e9 la Green Spectra \u00e0 un bracelet marron corda, fabriqu\u00e9 en Italie et dot\u00e9 d'une attache rapide. Cela vous donnera un style appropri\u00e9.","og_url":"https:\/\/nepto.net\/fr\/produit\/green-spectra-cuir-corda-marron\/","og_site_name":"NEPTO","article_publisher":"https:\/\/www.facebook.com\/nepto.official","article_modified_time":"2024-04-18T17:13:12+00:00","og_image":[{"width":1001,"height":1001,"url":"https:\/\/nepto.net\/wp-content\/uploads\/2023\/11\/SGS-BrCoL22-mirror.png","type":"image\/png"}],"twitter_misc":{"Dur\u00e9e de lecture estim\u00e9e":"1 minute"},"schema":{"@context":"https:\/\/schema.org","@graph":[{"@type":"WebPage","@id":"https:\/\/nepto.net\/fr\/produit\/green-spectra-cuir-corda-marron\/","url":"https:\/\/nepto.net\/fr\/produit\/green-spectra-cuir-corda-marron\/","name":"Montre verte - Cuir Marron","isPartOf":{"@id":"https:\/\/nepto.net\/fr\/#website"},"primaryImageOfPage":{"@id":"https:\/\/nepto.net\/fr\/produit\/green-spectra-cuir-corda-marron\/#primaryimage"},"image":{"@id":"https:\/\/nepto.net\/fr\/produit\/green-spectra-cuir-corda-marron\/#primaryimage"},"thumbnailUrl":"https:\/\/nepto.net\/wp-content\/uploads\/2023\/11\/SGS-BrCoL22-mirror.png","datePublished":"2023-03-25T00:10:20+00:00","dateModified":"2024-04-18T17:13:12+00:00","description":"Montre verte - Cuir Marron : NEPTO a associ\u00e9 la Green Spectra \u00e0 un bracelet marron corda, fabriqu\u00e9 en Italie et dot\u00e9 d'une attache rapide. Cela vous donnera un style appropri\u00e9.","breadcrumb":{"@id":"https:\/\/nepto.net\/fr\/produit\/green-spectra-cuir-corda-marron\/#breadcrumb"},"inLanguage":"fr-FR","potentialAction":[{"@type":"ReadAction","target":["https:\/\/nepto.net\/fr\/produit\/green-spectra-cuir-corda-marron\/"]}]},{"@type":"ImageObject","inLanguage":"fr-FR","@id":"https:\/\/nepto.net\/fr\/produit\/green-spectra-cuir-corda-marron\/#primaryimage","url":"https:\/\/nepto.net\/wp-content\/uploads\/2023\/11\/SGS-BrCoL22-mirror.png","contentUrl":"https:\/\/nepto.net\/wp-content\/uploads\/2023\/11\/SGS-BrCoL22-mirror.png","width":1001,"height":1001},{"@type":"BreadcrumbList","@id":"https:\/\/nepto.net\/fr\/produit\/green-spectra-cuir-corda-marron\/#breadcrumb","itemListElement":[{"@type":"ListItem","position":1,"name":"Accueil","item":"https:\/\/nepto.net\/fr\/"},{"@type":"ListItem","position":2,"name":"Page boutique woocommerce","item":"https:\/\/nepto.net\/pageboutique\/"},{"@type":"ListItem","position":3,"name":"Montre Green Spectra &#8211; Cuir Corda Marron"}]},{"@type":"WebSite","@id":"https:\/\/nepto.net\/fr\/#website","url":"https:\/\/nepto.net\/fr\/","name":"NEPTO","description":"A new shape of time","publisher":{"@id":"https:\/\/nepto.net\/fr\/#organization"},"potentialAction":[{"@type":"SearchAction","target":{"@type":"EntryPoint","urlTemplate":"https:\/\/nepto.net\/fr\/?s={search_term_string}"},"query-input":{"@type":"PropertyValueSpecification","valueRequired":true,"valueName":"search_term_string"}}],"inLanguage":"fr-FR"},{"@type":"Organization","@id":"https:\/\/nepto.net\/fr\/#organization","name":"NEPTO","url":"https:\/\/nepto.net\/fr\/","logo":{"@type":"ImageObject","inLanguage":"fr-FR","@id":"https:\/\/nepto.net\/fr\/#\/schema\/logo\/image\/","url":"https:\/\/nepto.net\/wp-content\/uploads\/2023\/03\/logo-nepto-website.jpg","contentUrl":"https:\/\/nepto.net\/wp-content\/uploads\/2023\/03\/logo-nepto-website.jpg","width":696,"height":696,"caption":"NEPTO"},"image":{"@id":"https:\/\/nepto.net\/fr\/#\/schema\/logo\/image\/"},"sameAs":["https:\/\/www.facebook.com\/nepto.official","https:\/\/www.instagram.com\/nepto.official\/?hl=en","https:\/\/www.pinterest.de\/neptowatch\/_created\/","https:\/\/www.youtube.com\/channel\/UClEuoywFQJM9wyoFqIqNT-Q"]}]}},"_links":{"self":[{"href":"https:\/\/nepto.net\/fr\/wp-json\/wp\/v2\/product\/5589","targetHints":{"allow":["GET"]}}],"collection":[{"href":"https:\/\/nepto.net\/fr\/wp-json\/wp\/v2\/product"}],"about":[{"href":"https:\/\/nepto.net\/fr\/wp-json\/wp\/v2\/types\/product"}],"replies":[{"embeddable":true,"href":"https:\/\/nepto.net\/fr\/wp-json\/wp\/v2\/comments?post=5589"}],"wp:featuredmedia":[{"embeddable":true,"href":"https:\/\/nepto.net\/fr\/wp-json\/wp\/v2\/media\/6085"}],"wp:attachment":[{"href":"https:\/\/nepto.net\/fr\/wp-json\/wp\/v2\/media?parent=5589"}],"wp:term":[{"taxonomy":"product_brand","embeddable":true,"href":"https:\/\/nepto.net\/fr\/wp-json\/wp\/v2\/product_brand?post=5589"},{"taxonomy":"product_cat","embeddable":true,"href":"https:\/\/nepto.net\/fr\/wp-json\/wp\/v2\/product_cat?post=5589"},{"taxonomy":"product_tag","embeddable":true,"href":"https:\/\/nepto.net\/fr\/wp-json\/wp\/v2\/product_tag?post=5589"}],"curies":[{"name":"wp","href":"https:\/\/api.w.org\/{rel}","templated":true}]}}