{"id":5458,"date":"2023-03-23T02:46:33","date_gmt":"2023-03-23T01:46:33","guid":{"rendered":"https:\/\/nepto.net\/produit\/white-reverso-miele-st-louisiana\/"},"modified":"2024-04-18T18:16:17","modified_gmt":"2024-04-18T17:16:17","slug":"white-reverso-miele-st-louisiana","status":"publish","type":"product","link":"https:\/\/nepto.net\/fr\/produit\/white-reverso-miele-st-louisiana\/","title":{"rendered":"Montre White Reverso &#8211; Miele St Louisiana"},"content":{"rendered":"<p class=\"p1\">COULEUR Blanc nacr\u00e9, m\u00e9tal bross\u00e9<\/p>\n<p class=\"p1\">DIAM\u00c8TRE DU BOITIER 40 mm<\/p>\n<p class=\"p1\">\u00c9PAISSEUR DU BOITIER 7mm<\/p>\n<p class=\"p1\">FORME DU CADRAN Hexagonal<\/p>\n<p class=\"p1\">MATI\u00c8RE DU BOITIER Acier 316L, m\u00e9tal bross\u00e9<\/p>\n<p class=\"p1\">FINITION DU BOITIER Semi Mat<\/p>\n<p class=\"p1\">COULEURS DU BOITIER Blanc nacr\u00e9<\/p>\n<p class=\"p1\">FORME DU VERRE plat<\/p>\n<p class=\"p1\">QUALIT\u00c9 DU VERRE Verre min\u00e9ral K1 ( durci )<\/p>\n<p class=\"p1\">COURONNE 1 couronne de remontage<\/p>\n<p class=\"p1\">CALIBRES (MOUVEMENTS) Quarz Miyota 1L22<\/p>\n<p class=\"p1\">SP\u00c9CIFICIT\u00c9S D&rsquo;AFFICHAGE Aiguilles avec traitement SuperLuminova, chiffres arabes<\/p>\n<p class=\"p1\">\u00c9TANCHE 5 ATM<\/p>\n<p class=\"p1\">STYLE Urban , Design , Trend<\/p>\n<p class=\"p1\">GARANTIE 2 ans<\/p>\n<p class=\"p1\">TYPE DE GARANTIE Monde<\/p>\n","protected":false},"excerpt":{"rendered":"<p>Inspir\u00e9e d&rsquo;un ancien mod\u00e8le Raketa, cette montre de 40 mm pr\u00e9sente un cadran blanc nacr\u00e9 raffin\u00e9 et deux aiguilles centrales \u00ab\u00a0sabre\u00a0\u00bb, avec un traitement Superluminova qui vous permet de voir \u00e0 la fois dans les environnements clairs et sombres. Elles traversent nonchalamment ce cadran pour vous servir les heures et les minutes.<\/p>\n<p>NEPTO a associ\u00e9 la Reverso blanche \u00e0 un bracelet made in italy. Ce bracelet alligator est chic et \u00e9l\u00e9gant!!<\/p>\n<p>Voir les d\u00e9tails de la montre ci-dessous&#8230;<\/p>\n","protected":false},"featured_media":6095,"comment_status":"open","ping_status":"closed","template":"","meta":{"_acf_changed":false},"product_brand":[],"product_cat":[291,288],"product_tag":[473,476,363,471,472,459,477,455,469,331,361,332,330,360,359,470,474],"class_list":{"0":"post-5458","1":"product","2":"type-product","3":"status-publish","4":"has-post-thumbnail","6":"product_cat-collection-shield-fr","7":"product_cat-montres","8":"product_tag-blanc-nacre-fr","9":"product_tag-brown-leather-fr","10":"product_tag-buckle-fr","11":"product_tag-cadran-blanc-fr","12":"product_tag-cadran-blanc-nacre-fr","13":"product_tag-case-40mm-fr","14":"product_tag-cuir-marron-fr","15":"product_tag-dial-fr","16":"product_tag-leather-strap-fr","17":"product_tag-montre-fr","18":"product_tag-montres-fr","19":"product_tag-uhren-fr","20":"product_tag-watch-fr","21":"product_tag-watch-design-fr","22":"product_tag-watches-fr","23":"product_tag-watches-42mm-case-fr","24":"product_tag-white-dial-fr","26":"first","27":"instock","28":"taxable","29":"shipping-taxable","30":"purchasable","31":"product-type-simple","33":"catalog-layout-default","34":"columns-xs-2"},"acf":[],"yoast_head":"<!-- This site is optimized with the Yoast SEO plugin v27.2 - https:\/\/yoast.com\/product\/yoast-seo-wordpress\/ -->\n<title>Montre blanche - bracelet cuir marron - NEPTO<\/title>\n<meta name=\"description\" content=\"Montre blanche - bracelet cuir marron : NEPTO a associ\u00e9 la Reverso blanche \u00e0 un bracelet made in italy. Ce bracelet alligator est chic et \u00e9l\u00e9gant!!\" \/>\n<meta name=\"robots\" content=\"index, follow, max-snippet:-1, max-image-preview:large, max-video-preview:-1\" \/>\n<link rel=\"canonical\" href=\"https:\/\/nepto.net\/fr\/produit\/white-reverso-miele-st-louisiana\/\" \/>\n<meta property=\"og:locale\" content=\"fr_FR\" \/>\n<meta property=\"og:type\" content=\"article\" \/>\n<meta property=\"og:title\" content=\"Montre blanche - bracelet cuir marron - NEPTO\" \/>\n<meta property=\"og:description\" content=\"Montre blanche - bracelet cuir marron : NEPTO a associ\u00e9 la Reverso blanche \u00e0 un bracelet made in italy. Ce bracelet alligator est chic et \u00e9l\u00e9gant!!\" \/>\n<meta property=\"og:url\" content=\"https:\/\/nepto.net\/fr\/produit\/white-reverso-miele-st-louisiana\/\" \/>\n<meta property=\"og:site_name\" content=\"NEPTO\" \/>\n<meta property=\"article:publisher\" content=\"https:\/\/www.facebook.com\/nepto.official\" \/>\n<meta property=\"article:modified_time\" content=\"2024-04-18T17:16:17+00:00\" \/>\n<meta property=\"og:image\" content=\"https:\/\/nepto.net\/wp-content\/uploads\/2023\/11\/SWR-MStL22-mirror.png\" \/>\n\t<meta property=\"og:image:width\" content=\"1001\" \/>\n\t<meta property=\"og:image:height\" content=\"1001\" \/>\n\t<meta property=\"og:image:type\" content=\"image\/png\" \/>\n<meta name=\"twitter:label1\" content=\"Dur\u00e9e de lecture estim\u00e9e\" \/>\n\t<meta name=\"twitter:data1\" content=\"1 minute\" \/>\n<script type=\"application\/ld+json\" class=\"yoast-schema-graph\">{\"@context\":\"https:\/\/schema.org\",\"@graph\":[{\"@type\":\"WebPage\",\"@id\":\"https:\/\/nepto.net\/fr\/produit\/white-reverso-miele-st-louisiana\/\",\"url\":\"https:\/\/nepto.net\/fr\/produit\/white-reverso-miele-st-louisiana\/\",\"name\":\"Montre blanche - bracelet cuir marron - NEPTO\",\"isPartOf\":{\"@id\":\"https:\/\/nepto.net\/fr\/#website\"},\"primaryImageOfPage\":{\"@id\":\"https:\/\/nepto.net\/fr\/produit\/white-reverso-miele-st-louisiana\/#primaryimage\"},\"image\":{\"@id\":\"https:\/\/nepto.net\/fr\/produit\/white-reverso-miele-st-louisiana\/#primaryimage\"},\"thumbnailUrl\":\"https:\/\/nepto.net\/wp-content\/uploads\/2023\/11\/SWR-MStL22-mirror.png\",\"datePublished\":\"2023-03-23T01:46:33+00:00\",\"dateModified\":\"2024-04-18T17:16:17+00:00\",\"description\":\"Montre blanche - bracelet cuir marron : NEPTO a associ\u00e9 la Reverso blanche \u00e0 un bracelet made in italy. Ce bracelet alligator est chic et \u00e9l\u00e9gant!!\",\"breadcrumb\":{\"@id\":\"https:\/\/nepto.net\/fr\/produit\/white-reverso-miele-st-louisiana\/#breadcrumb\"},\"inLanguage\":\"fr-FR\",\"potentialAction\":[{\"@type\":\"ReadAction\",\"target\":[\"https:\/\/nepto.net\/fr\/produit\/white-reverso-miele-st-louisiana\/\"]}]},{\"@type\":\"ImageObject\",\"inLanguage\":\"fr-FR\",\"@id\":\"https:\/\/nepto.net\/fr\/produit\/white-reverso-miele-st-louisiana\/#primaryimage\",\"url\":\"https:\/\/nepto.net\/wp-content\/uploads\/2023\/11\/SWR-MStL22-mirror.png\",\"contentUrl\":\"https:\/\/nepto.net\/wp-content\/uploads\/2023\/11\/SWR-MStL22-mirror.png\",\"width\":1001,\"height\":1001},{\"@type\":\"BreadcrumbList\",\"@id\":\"https:\/\/nepto.net\/fr\/produit\/white-reverso-miele-st-louisiana\/#breadcrumb\",\"itemListElement\":[{\"@type\":\"ListItem\",\"position\":1,\"name\":\"Accueil\",\"item\":\"https:\/\/nepto.net\/fr\/\"},{\"@type\":\"ListItem\",\"position\":2,\"name\":\"Page boutique woocommerce\",\"item\":\"https:\/\/nepto.net\/pageboutique\/\"},{\"@type\":\"ListItem\",\"position\":3,\"name\":\"Montre White Reverso &#8211; Miele St Louisiana\"}]},{\"@type\":\"WebSite\",\"@id\":\"https:\/\/nepto.net\/fr\/#website\",\"url\":\"https:\/\/nepto.net\/fr\/\",\"name\":\"NEPTO\",\"description\":\"A new shape of time\",\"publisher\":{\"@id\":\"https:\/\/nepto.net\/fr\/#organization\"},\"potentialAction\":[{\"@type\":\"SearchAction\",\"target\":{\"@type\":\"EntryPoint\",\"urlTemplate\":\"https:\/\/nepto.net\/fr\/?s={search_term_string}\"},\"query-input\":{\"@type\":\"PropertyValueSpecification\",\"valueRequired\":true,\"valueName\":\"search_term_string\"}}],\"inLanguage\":\"fr-FR\"},{\"@type\":\"Organization\",\"@id\":\"https:\/\/nepto.net\/fr\/#organization\",\"name\":\"NEPTO\",\"url\":\"https:\/\/nepto.net\/fr\/\",\"logo\":{\"@type\":\"ImageObject\",\"inLanguage\":\"fr-FR\",\"@id\":\"https:\/\/nepto.net\/fr\/#\/schema\/logo\/image\/\",\"url\":\"https:\/\/nepto.net\/wp-content\/uploads\/2023\/03\/logo-nepto-website.jpg\",\"contentUrl\":\"https:\/\/nepto.net\/wp-content\/uploads\/2023\/03\/logo-nepto-website.jpg\",\"width\":696,\"height\":696,\"caption\":\"NEPTO\"},\"image\":{\"@id\":\"https:\/\/nepto.net\/fr\/#\/schema\/logo\/image\/\"},\"sameAs\":[\"https:\/\/www.facebook.com\/nepto.official\",\"https:\/\/www.instagram.com\/nepto.official\/?hl=en\",\"https:\/\/www.pinterest.de\/neptowatch\/_created\/\",\"https:\/\/www.youtube.com\/channel\/UClEuoywFQJM9wyoFqIqNT-Q\"]}]}<\/script>\n<!-- \/ Yoast SEO plugin. -->","yoast_head_json":{"title":"Montre blanche - bracelet cuir marron - NEPTO","description":"Montre blanche - bracelet cuir marron : NEPTO a associ\u00e9 la Reverso blanche \u00e0 un bracelet made in italy. Ce bracelet alligator est chic et \u00e9l\u00e9gant!!","robots":{"index":"index","follow":"follow","max-snippet":"max-snippet:-1","max-image-preview":"max-image-preview:large","max-video-preview":"max-video-preview:-1"},"canonical":"https:\/\/nepto.net\/fr\/produit\/white-reverso-miele-st-louisiana\/","og_locale":"fr_FR","og_type":"article","og_title":"Montre blanche - bracelet cuir marron - NEPTO","og_description":"Montre blanche - bracelet cuir marron : NEPTO a associ\u00e9 la Reverso blanche \u00e0 un bracelet made in italy. Ce bracelet alligator est chic et \u00e9l\u00e9gant!!","og_url":"https:\/\/nepto.net\/fr\/produit\/white-reverso-miele-st-louisiana\/","og_site_name":"NEPTO","article_publisher":"https:\/\/www.facebook.com\/nepto.official","article_modified_time":"2024-04-18T17:16:17+00:00","og_image":[{"width":1001,"height":1001,"url":"https:\/\/nepto.net\/wp-content\/uploads\/2023\/11\/SWR-MStL22-mirror.png","type":"image\/png"}],"twitter_misc":{"Dur\u00e9e de lecture estim\u00e9e":"1 minute"},"schema":{"@context":"https:\/\/schema.org","@graph":[{"@type":"WebPage","@id":"https:\/\/nepto.net\/fr\/produit\/white-reverso-miele-st-louisiana\/","url":"https:\/\/nepto.net\/fr\/produit\/white-reverso-miele-st-louisiana\/","name":"Montre blanche - bracelet cuir marron - NEPTO","isPartOf":{"@id":"https:\/\/nepto.net\/fr\/#website"},"primaryImageOfPage":{"@id":"https:\/\/nepto.net\/fr\/produit\/white-reverso-miele-st-louisiana\/#primaryimage"},"image":{"@id":"https:\/\/nepto.net\/fr\/produit\/white-reverso-miele-st-louisiana\/#primaryimage"},"thumbnailUrl":"https:\/\/nepto.net\/wp-content\/uploads\/2023\/11\/SWR-MStL22-mirror.png","datePublished":"2023-03-23T01:46:33+00:00","dateModified":"2024-04-18T17:16:17+00:00","description":"Montre blanche - bracelet cuir marron : NEPTO a associ\u00e9 la Reverso blanche \u00e0 un bracelet made in italy. Ce bracelet alligator est chic et \u00e9l\u00e9gant!!","breadcrumb":{"@id":"https:\/\/nepto.net\/fr\/produit\/white-reverso-miele-st-louisiana\/#breadcrumb"},"inLanguage":"fr-FR","potentialAction":[{"@type":"ReadAction","target":["https:\/\/nepto.net\/fr\/produit\/white-reverso-miele-st-louisiana\/"]}]},{"@type":"ImageObject","inLanguage":"fr-FR","@id":"https:\/\/nepto.net\/fr\/produit\/white-reverso-miele-st-louisiana\/#primaryimage","url":"https:\/\/nepto.net\/wp-content\/uploads\/2023\/11\/SWR-MStL22-mirror.png","contentUrl":"https:\/\/nepto.net\/wp-content\/uploads\/2023\/11\/SWR-MStL22-mirror.png","width":1001,"height":1001},{"@type":"BreadcrumbList","@id":"https:\/\/nepto.net\/fr\/produit\/white-reverso-miele-st-louisiana\/#breadcrumb","itemListElement":[{"@type":"ListItem","position":1,"name":"Accueil","item":"https:\/\/nepto.net\/fr\/"},{"@type":"ListItem","position":2,"name":"Page boutique woocommerce","item":"https:\/\/nepto.net\/pageboutique\/"},{"@type":"ListItem","position":3,"name":"Montre White Reverso &#8211; Miele St Louisiana"}]},{"@type":"WebSite","@id":"https:\/\/nepto.net\/fr\/#website","url":"https:\/\/nepto.net\/fr\/","name":"NEPTO","description":"A new shape of time","publisher":{"@id":"https:\/\/nepto.net\/fr\/#organization"},"potentialAction":[{"@type":"SearchAction","target":{"@type":"EntryPoint","urlTemplate":"https:\/\/nepto.net\/fr\/?s={search_term_string}"},"query-input":{"@type":"PropertyValueSpecification","valueRequired":true,"valueName":"search_term_string"}}],"inLanguage":"fr-FR"},{"@type":"Organization","@id":"https:\/\/nepto.net\/fr\/#organization","name":"NEPTO","url":"https:\/\/nepto.net\/fr\/","logo":{"@type":"ImageObject","inLanguage":"fr-FR","@id":"https:\/\/nepto.net\/fr\/#\/schema\/logo\/image\/","url":"https:\/\/nepto.net\/wp-content\/uploads\/2023\/03\/logo-nepto-website.jpg","contentUrl":"https:\/\/nepto.net\/wp-content\/uploads\/2023\/03\/logo-nepto-website.jpg","width":696,"height":696,"caption":"NEPTO"},"image":{"@id":"https:\/\/nepto.net\/fr\/#\/schema\/logo\/image\/"},"sameAs":["https:\/\/www.facebook.com\/nepto.official","https:\/\/www.instagram.com\/nepto.official\/?hl=en","https:\/\/www.pinterest.de\/neptowatch\/_created\/","https:\/\/www.youtube.com\/channel\/UClEuoywFQJM9wyoFqIqNT-Q"]}]}},"_links":{"self":[{"href":"https:\/\/nepto.net\/fr\/wp-json\/wp\/v2\/product\/5458","targetHints":{"allow":["GET"]}}],"collection":[{"href":"https:\/\/nepto.net\/fr\/wp-json\/wp\/v2\/product"}],"about":[{"href":"https:\/\/nepto.net\/fr\/wp-json\/wp\/v2\/types\/product"}],"replies":[{"embeddable":true,"href":"https:\/\/nepto.net\/fr\/wp-json\/wp\/v2\/comments?post=5458"}],"wp:featuredmedia":[{"embeddable":true,"href":"https:\/\/nepto.net\/fr\/wp-json\/wp\/v2\/media\/6095"}],"wp:attachment":[{"href":"https:\/\/nepto.net\/fr\/wp-json\/wp\/v2\/media?parent=5458"}],"wp:term":[{"taxonomy":"product_brand","embeddable":true,"href":"https:\/\/nepto.net\/fr\/wp-json\/wp\/v2\/product_brand?post=5458"},{"taxonomy":"product_cat","embeddable":true,"href":"https:\/\/nepto.net\/fr\/wp-json\/wp\/v2\/product_cat?post=5458"},{"taxonomy":"product_tag","embeddable":true,"href":"https:\/\/nepto.net\/fr\/wp-json\/wp\/v2\/product_tag?post=5458"}],"curies":[{"name":"wp","href":"https:\/\/api.w.org\/{rel}","templated":true}]}}