{"id":3440,"date":"2020-05-19T15:23:59","date_gmt":"2020-05-19T14:23:59","guid":{"rendered":"https:\/\/nepto.net\/produit\/green-spectra-cuir-autruche-marron\/"},"modified":"2024-04-18T18:37:38","modified_gmt":"2024-04-18T17:37:38","slug":"green-spectra-cuir-autruche-marron","status":"publish","type":"product","link":"https:\/\/nepto.net\/fr\/produit\/green-spectra-cuir-autruche-marron\/","title":{"rendered":"Montre Green Spectra &#8211; Cuir Autruche Marron"},"content":{"rendered":"<p class=\"p1\">COULEUR Vert, beige, or<\/p>\n<p class=\"p1\">DIAM\u00c8TRE DU BOITIER 40 mm<\/p>\n<p class=\"p1\">\u00c9PAISSEUR DU BOITIER 7mm<\/p>\n<p class=\"p1\">FORME DU BOITIER Hexagonal<\/p>\n<p class=\"p1\">MATI\u00c8RE DU\u00a0BOITIER Acier 316L, m\u00e9tal bross\u00e9<\/p>\n<p class=\"p1\">FINITION DU CADRAN Semi Mat<\/p>\n<p class=\"p1\">COULEURS DU CADRAN Vert British<\/p>\n<p class=\"p1\">FORME DU VERRE plat<\/p>\n<p class=\"p1\">QUALIT\u00c9 DU VERRE Verre min\u00e9ral K1 ( durci )<\/p>\n<p class=\"p1\">COURONNE 1 couronne de remontage<\/p>\n<p class=\"p1\">CALIBRES (MOUVEMENTS) Quarz Miyota 1L22<\/p>\n<p class=\"p1\">SP\u00c9CIFICIT\u00c9S D&rsquo;AFFICHAGE Aiguilles avec traitement SuperLuminova, chiffres arabes<\/p>\n<p class=\"p1\">\u00c9TANCHE 5 ATM<\/p>\n<p class=\"p1\">STYLE Urban , Design , Trend<\/p>\n<p class=\"p1\">GARANTIE 2 ans<\/p>\n<p class=\"p1\">TYPE DE GARANTIE Monde<\/p>\n","protected":false},"excerpt":{"rendered":"<p class=\"p1\">Symbolis\u00e9 par une teinte originale verte fonc\u00e9e et une teinte noire sur les contours, le cadran est sublim\u00e9 par une finition qui va capter les rayons lumineux et faire varier le vert du cadran dans une multitude de nuances diff\u00e9rentes en fonction de la luminosit\u00e9 ambiante ou de l&rsquo;inclinaison du poignet. Les aiguilles sont habill\u00e9es d&rsquo;un vert kaki qui se marie parfaitement avec le dos du cadran. De minces chevrons d\u00e9limitent le cadran et ses contours noirs et marquent la forme distinctive du bo\u00eetier.<\/p>\n<p class=\"p1\">NEPTO a associ\u00e9 la Green Spectra \u00e0 un \u00e9l\u00e9gant bracelet en cuir brun d&rsquo;autruche. Rien que pour vous !<\/p>\n<p class=\"p1\">Voir les d\u00e9tails de la montre ci-dessous.<\/p>\n","protected":false},"featured_media":6115,"comment_status":"open","ping_status":"closed","template":"","meta":{"_acf_changed":false},"product_brand":[],"product_cat":[291,288],"product_tag":[486,363,455,335,487,364,331,365,361,332,330,360,359],"class_list":{"0":"post-3440","1":"product","2":"type-product","3":"status-publish","4":"has-post-thumbnail","6":"product_cat-collection-shield-fr","7":"product_cat-montres","8":"product_tag-40mm-case-fr","9":"product_tag-buckle-fr","10":"product_tag-dial-fr","11":"product_tag-green-fr","12":"product_tag-green-dial-fr","13":"product_tag-green-watch-fr","14":"product_tag-montre-fr","15":"product_tag-montre-verte-fr","16":"product_tag-montres-fr","17":"product_tag-uhren-fr","18":"product_tag-watch-fr","19":"product_tag-watch-design-fr","20":"product_tag-watches-fr","22":"first","23":"instock","24":"taxable","25":"shipping-taxable","26":"purchasable","27":"product-type-simple","29":"catalog-layout-default","30":"columns-xs-2"},"acf":[],"yoast_head":"<!-- This site is optimized with the Yoast SEO plugin v27.2 - https:\/\/yoast.com\/product\/yoast-seo-wordpress\/ -->\n<title>Montre verte - bracelet cuir marron - NEPTO<\/title>\n<meta name=\"description\" content=\"Montre verte - bracelet cuir marron : Symbolis\u00e9 par une teinte originale verte fonc\u00e9e et une teinte noire sur les contours, le cadran est sublim\u00e9 par une finition qui va capter les rayons lumineux et faire varier le vert du cadran dans une multitude de nuances diff\u00e9rentes en fonction de la luminosit\u00e9 ambiante ou de l&#039;inclinaison du poignet.\" \/>\n<meta name=\"robots\" content=\"index, follow, max-snippet:-1, max-image-preview:large, max-video-preview:-1\" \/>\n<link rel=\"canonical\" href=\"https:\/\/nepto.net\/fr\/produit\/green-spectra-cuir-autruche-marron\/\" \/>\n<meta property=\"og:locale\" content=\"fr_FR\" \/>\n<meta property=\"og:type\" content=\"article\" \/>\n<meta property=\"og:title\" content=\"Montre verte - bracelet cuir marron - NEPTO\" \/>\n<meta property=\"og:description\" content=\"Montre verte - bracelet cuir marron : Symbolis\u00e9 par une teinte originale verte fonc\u00e9e et une teinte noire sur les contours, le cadran est sublim\u00e9 par une finition qui va capter les rayons lumineux et faire varier le vert du cadran dans une multitude de nuances diff\u00e9rentes en fonction de la luminosit\u00e9 ambiante ou de l&#039;inclinaison du poignet.\" \/>\n<meta property=\"og:url\" content=\"https:\/\/nepto.net\/fr\/produit\/green-spectra-cuir-autruche-marron\/\" \/>\n<meta property=\"og:site_name\" content=\"NEPTO\" \/>\n<meta property=\"article:publisher\" content=\"https:\/\/www.facebook.com\/nepto.official\" \/>\n<meta property=\"article:modified_time\" content=\"2024-04-18T17:37:38+00:00\" \/>\n<meta property=\"og:image\" content=\"https:\/\/nepto.net\/wp-content\/uploads\/2023\/11\/SGS-BrOL22-mirror.png\" \/>\n\t<meta property=\"og:image:width\" content=\"1000\" \/>\n\t<meta property=\"og:image:height\" content=\"1000\" \/>\n\t<meta property=\"og:image:type\" content=\"image\/png\" \/>\n<script type=\"application\/ld+json\" class=\"yoast-schema-graph\">{\"@context\":\"https:\/\/schema.org\",\"@graph\":[{\"@type\":\"WebPage\",\"@id\":\"https:\/\/nepto.net\/fr\/produit\/green-spectra-cuir-autruche-marron\/\",\"url\":\"https:\/\/nepto.net\/fr\/produit\/green-spectra-cuir-autruche-marron\/\",\"name\":\"Montre verte - bracelet cuir marron - NEPTO\",\"isPartOf\":{\"@id\":\"https:\/\/nepto.net\/fr\/#website\"},\"primaryImageOfPage\":{\"@id\":\"https:\/\/nepto.net\/fr\/produit\/green-spectra-cuir-autruche-marron\/#primaryimage\"},\"image\":{\"@id\":\"https:\/\/nepto.net\/fr\/produit\/green-spectra-cuir-autruche-marron\/#primaryimage\"},\"thumbnailUrl\":\"https:\/\/nepto.net\/wp-content\/uploads\/2023\/11\/SGS-BrOL22-mirror.png\",\"datePublished\":\"2020-05-19T14:23:59+00:00\",\"dateModified\":\"2024-04-18T17:37:38+00:00\",\"description\":\"Montre verte - bracelet cuir marron : Symbolis\u00e9 par une teinte originale verte fonc\u00e9e et une teinte noire sur les contours, le cadran est sublim\u00e9 par une finition qui va capter les rayons lumineux et faire varier le vert du cadran dans une multitude de nuances diff\u00e9rentes en fonction de la luminosit\u00e9 ambiante ou de l'inclinaison du poignet.\",\"breadcrumb\":{\"@id\":\"https:\/\/nepto.net\/fr\/produit\/green-spectra-cuir-autruche-marron\/#breadcrumb\"},\"inLanguage\":\"fr-FR\",\"potentialAction\":[{\"@type\":\"ReadAction\",\"target\":[\"https:\/\/nepto.net\/fr\/produit\/green-spectra-cuir-autruche-marron\/\"]}]},{\"@type\":\"ImageObject\",\"inLanguage\":\"fr-FR\",\"@id\":\"https:\/\/nepto.net\/fr\/produit\/green-spectra-cuir-autruche-marron\/#primaryimage\",\"url\":\"https:\/\/nepto.net\/wp-content\/uploads\/2023\/11\/SGS-BrOL22-mirror.png\",\"contentUrl\":\"https:\/\/nepto.net\/wp-content\/uploads\/2023\/11\/SGS-BrOL22-mirror.png\",\"width\":1000,\"height\":1000},{\"@type\":\"BreadcrumbList\",\"@id\":\"https:\/\/nepto.net\/fr\/produit\/green-spectra-cuir-autruche-marron\/#breadcrumb\",\"itemListElement\":[{\"@type\":\"ListItem\",\"position\":1,\"name\":\"Accueil\",\"item\":\"https:\/\/nepto.net\/fr\/\"},{\"@type\":\"ListItem\",\"position\":2,\"name\":\"Page boutique woocommerce\",\"item\":\"https:\/\/nepto.net\/pageboutique\/\"},{\"@type\":\"ListItem\",\"position\":3,\"name\":\"Montre Green Spectra &#8211; Cuir Autruche Marron\"}]},{\"@type\":\"WebSite\",\"@id\":\"https:\/\/nepto.net\/fr\/#website\",\"url\":\"https:\/\/nepto.net\/fr\/\",\"name\":\"NEPTO\",\"description\":\"A new shape of time\",\"publisher\":{\"@id\":\"https:\/\/nepto.net\/fr\/#organization\"},\"potentialAction\":[{\"@type\":\"SearchAction\",\"target\":{\"@type\":\"EntryPoint\",\"urlTemplate\":\"https:\/\/nepto.net\/fr\/?s={search_term_string}\"},\"query-input\":{\"@type\":\"PropertyValueSpecification\",\"valueRequired\":true,\"valueName\":\"search_term_string\"}}],\"inLanguage\":\"fr-FR\"},{\"@type\":\"Organization\",\"@id\":\"https:\/\/nepto.net\/fr\/#organization\",\"name\":\"NEPTO\",\"url\":\"https:\/\/nepto.net\/fr\/\",\"logo\":{\"@type\":\"ImageObject\",\"inLanguage\":\"fr-FR\",\"@id\":\"https:\/\/nepto.net\/fr\/#\/schema\/logo\/image\/\",\"url\":\"https:\/\/nepto.net\/wp-content\/uploads\/2023\/03\/logo-nepto-website.jpg\",\"contentUrl\":\"https:\/\/nepto.net\/wp-content\/uploads\/2023\/03\/logo-nepto-website.jpg\",\"width\":696,\"height\":696,\"caption\":\"NEPTO\"},\"image\":{\"@id\":\"https:\/\/nepto.net\/fr\/#\/schema\/logo\/image\/\"},\"sameAs\":[\"https:\/\/www.facebook.com\/nepto.official\",\"https:\/\/www.instagram.com\/nepto.official\/?hl=en\",\"https:\/\/www.pinterest.de\/neptowatch\/_created\/\",\"https:\/\/www.youtube.com\/channel\/UClEuoywFQJM9wyoFqIqNT-Q\"]}]}<\/script>\n<!-- \/ Yoast SEO plugin. -->","yoast_head_json":{"title":"Montre verte - bracelet cuir marron - NEPTO","description":"Montre verte - bracelet cuir marron : Symbolis\u00e9 par une teinte originale verte fonc\u00e9e et une teinte noire sur les contours, le cadran est sublim\u00e9 par une finition qui va capter les rayons lumineux et faire varier le vert du cadran dans une multitude de nuances diff\u00e9rentes en fonction de la luminosit\u00e9 ambiante ou de l'inclinaison du poignet.","robots":{"index":"index","follow":"follow","max-snippet":"max-snippet:-1","max-image-preview":"max-image-preview:large","max-video-preview":"max-video-preview:-1"},"canonical":"https:\/\/nepto.net\/fr\/produit\/green-spectra-cuir-autruche-marron\/","og_locale":"fr_FR","og_type":"article","og_title":"Montre verte - bracelet cuir marron - NEPTO","og_description":"Montre verte - bracelet cuir marron : Symbolis\u00e9 par une teinte originale verte fonc\u00e9e et une teinte noire sur les contours, le cadran est sublim\u00e9 par une finition qui va capter les rayons lumineux et faire varier le vert du cadran dans une multitude de nuances diff\u00e9rentes en fonction de la luminosit\u00e9 ambiante ou de l'inclinaison du poignet.","og_url":"https:\/\/nepto.net\/fr\/produit\/green-spectra-cuir-autruche-marron\/","og_site_name":"NEPTO","article_publisher":"https:\/\/www.facebook.com\/nepto.official","article_modified_time":"2024-04-18T17:37:38+00:00","og_image":[{"width":1000,"height":1000,"url":"https:\/\/nepto.net\/wp-content\/uploads\/2023\/11\/SGS-BrOL22-mirror.png","type":"image\/png"}],"schema":{"@context":"https:\/\/schema.org","@graph":[{"@type":"WebPage","@id":"https:\/\/nepto.net\/fr\/produit\/green-spectra-cuir-autruche-marron\/","url":"https:\/\/nepto.net\/fr\/produit\/green-spectra-cuir-autruche-marron\/","name":"Montre verte - bracelet cuir marron - NEPTO","isPartOf":{"@id":"https:\/\/nepto.net\/fr\/#website"},"primaryImageOfPage":{"@id":"https:\/\/nepto.net\/fr\/produit\/green-spectra-cuir-autruche-marron\/#primaryimage"},"image":{"@id":"https:\/\/nepto.net\/fr\/produit\/green-spectra-cuir-autruche-marron\/#primaryimage"},"thumbnailUrl":"https:\/\/nepto.net\/wp-content\/uploads\/2023\/11\/SGS-BrOL22-mirror.png","datePublished":"2020-05-19T14:23:59+00:00","dateModified":"2024-04-18T17:37:38+00:00","description":"Montre verte - bracelet cuir marron : Symbolis\u00e9 par une teinte originale verte fonc\u00e9e et une teinte noire sur les contours, le cadran est sublim\u00e9 par une finition qui va capter les rayons lumineux et faire varier le vert du cadran dans une multitude de nuances diff\u00e9rentes en fonction de la luminosit\u00e9 ambiante ou de l'inclinaison du poignet.","breadcrumb":{"@id":"https:\/\/nepto.net\/fr\/produit\/green-spectra-cuir-autruche-marron\/#breadcrumb"},"inLanguage":"fr-FR","potentialAction":[{"@type":"ReadAction","target":["https:\/\/nepto.net\/fr\/produit\/green-spectra-cuir-autruche-marron\/"]}]},{"@type":"ImageObject","inLanguage":"fr-FR","@id":"https:\/\/nepto.net\/fr\/produit\/green-spectra-cuir-autruche-marron\/#primaryimage","url":"https:\/\/nepto.net\/wp-content\/uploads\/2023\/11\/SGS-BrOL22-mirror.png","contentUrl":"https:\/\/nepto.net\/wp-content\/uploads\/2023\/11\/SGS-BrOL22-mirror.png","width":1000,"height":1000},{"@type":"BreadcrumbList","@id":"https:\/\/nepto.net\/fr\/produit\/green-spectra-cuir-autruche-marron\/#breadcrumb","itemListElement":[{"@type":"ListItem","position":1,"name":"Accueil","item":"https:\/\/nepto.net\/fr\/"},{"@type":"ListItem","position":2,"name":"Page boutique woocommerce","item":"https:\/\/nepto.net\/pageboutique\/"},{"@type":"ListItem","position":3,"name":"Montre Green Spectra &#8211; Cuir Autruche Marron"}]},{"@type":"WebSite","@id":"https:\/\/nepto.net\/fr\/#website","url":"https:\/\/nepto.net\/fr\/","name":"NEPTO","description":"A new shape of time","publisher":{"@id":"https:\/\/nepto.net\/fr\/#organization"},"potentialAction":[{"@type":"SearchAction","target":{"@type":"EntryPoint","urlTemplate":"https:\/\/nepto.net\/fr\/?s={search_term_string}"},"query-input":{"@type":"PropertyValueSpecification","valueRequired":true,"valueName":"search_term_string"}}],"inLanguage":"fr-FR"},{"@type":"Organization","@id":"https:\/\/nepto.net\/fr\/#organization","name":"NEPTO","url":"https:\/\/nepto.net\/fr\/","logo":{"@type":"ImageObject","inLanguage":"fr-FR","@id":"https:\/\/nepto.net\/fr\/#\/schema\/logo\/image\/","url":"https:\/\/nepto.net\/wp-content\/uploads\/2023\/03\/logo-nepto-website.jpg","contentUrl":"https:\/\/nepto.net\/wp-content\/uploads\/2023\/03\/logo-nepto-website.jpg","width":696,"height":696,"caption":"NEPTO"},"image":{"@id":"https:\/\/nepto.net\/fr\/#\/schema\/logo\/image\/"},"sameAs":["https:\/\/www.facebook.com\/nepto.official","https:\/\/www.instagram.com\/nepto.official\/?hl=en","https:\/\/www.pinterest.de\/neptowatch\/_created\/","https:\/\/www.youtube.com\/channel\/UClEuoywFQJM9wyoFqIqNT-Q"]}]}},"_links":{"self":[{"href":"https:\/\/nepto.net\/fr\/wp-json\/wp\/v2\/product\/3440","targetHints":{"allow":["GET"]}}],"collection":[{"href":"https:\/\/nepto.net\/fr\/wp-json\/wp\/v2\/product"}],"about":[{"href":"https:\/\/nepto.net\/fr\/wp-json\/wp\/v2\/types\/product"}],"replies":[{"embeddable":true,"href":"https:\/\/nepto.net\/fr\/wp-json\/wp\/v2\/comments?post=3440"}],"wp:featuredmedia":[{"embeddable":true,"href":"https:\/\/nepto.net\/fr\/wp-json\/wp\/v2\/media\/6115"}],"wp:attachment":[{"href":"https:\/\/nepto.net\/fr\/wp-json\/wp\/v2\/media?parent=3440"}],"wp:term":[{"taxonomy":"product_brand","embeddable":true,"href":"https:\/\/nepto.net\/fr\/wp-json\/wp\/v2\/product_brand?post=3440"},{"taxonomy":"product_cat","embeddable":true,"href":"https:\/\/nepto.net\/fr\/wp-json\/wp\/v2\/product_cat?post=3440"},{"taxonomy":"product_tag","embeddable":true,"href":"https:\/\/nepto.net\/fr\/wp-json\/wp\/v2\/product_tag?post=3440"}],"curies":[{"name":"wp","href":"https:\/\/api.w.org\/{rel}","templated":true}]}}