{"id":3428,"date":"2020-05-20T17:41:34","date_gmt":"2020-05-20T16:41:34","guid":{"rendered":"https:\/\/nepto.net\/produit\/black-flower-cuir-noir-croco\/"},"modified":"2024-04-18T18:26:58","modified_gmt":"2024-04-18T17:26:58","slug":"black-flower-cuir-noir-croco","status":"publish","type":"product","link":"https:\/\/nepto.net\/fr\/produit\/black-flower-cuir-noir-croco\/","title":{"rendered":"Montre Black Flower &#8211; Cuir Noir Croco"},"content":{"rendered":"<p class=\"p1\">COULEUR Noir, rouge, gris<\/p>\n<p class=\"p1\">DIAM\u00c8TRE DU BOITIER 36 mm<\/p>\n<p class=\"p1\">\u00c9PAISSEUR DU BOITIER 7mm<\/p>\n<p class=\"p1\">FORME DU BOITIER Convexe<\/p>\n<p class=\"p1\">MATI\u00c8RE DU BOITIER Acier 316L, PVD noir<\/p>\n<p class=\"p1\">FINITION DU CADRAN Semi Mat<\/p>\n<p class=\"p1\">COULEURS DU CADRAN fleur noire et grise<\/p>\n<p class=\"p1\">FORME DU VERRE bomb\u00e9<\/p>\n<p class=\"p1\">QUALIT\u00c9 DU VERRE Verre min\u00e9ral K1 ( durci )<\/p>\n<p class=\"p1\">COURONNE 1 couronne de r\u00e9glage<\/p>\n<p class=\"p1\">CALIBRES (MOUVEMENTS) Quarz Miyota 1L22<\/p>\n<p class=\"p1\">SP\u00c9CIFICIT\u00c9S D&rsquo;AFFICHAGE Aiguilles avec traitement SuperLuminova, chiffres arabes<\/p>\n<p class=\"p1\">ETANCHEITE 5 ATM<\/p>\n<p class=\"p1\">STYLE Urban , Design , Trend<\/p>\n<p class=\"p1\">GARANTIE 2 ans<\/p>\n<p class=\"p1\">TYPE DE GARANTIE Monde<\/p>\n","protected":false},"excerpt":{"rendered":"<p class=\"p1\">Un cadran qui rend hommage \u00e0 la beaut\u00e9 du monde et \u00e0 la puret\u00e9 de la nature.<\/p>\n<p class=\"p1\">Avec \u00e9l\u00e9gance et sensibilit\u00e9, ce cadran pr\u00e9sente une magnifique Iris noir et blanc en impression 3D qui couvre tout le cadran. Avec le relief int\u00e9gr\u00e9 dans le cadran et la forme convexe de son verre min\u00e9ral durci K1, il ne manque plus que le parfum pour avoir une v\u00e9ritable fleur au poignet. Une fa\u00e7on po\u00e9tique d&rsquo;affirmer votre charmante personnalit\u00e9.<\/p>\n<p class=\"p1\">NEPTO a associ\u00e9 la Black Flower \u00e0 un bracelet en cuir noir avec une finition Alligator.<\/p>\n<p class=\"p1\">Voir les d\u00e9tails de la montre ci-dessous.<\/p>\n","protected":false},"featured_media":6061,"comment_status":"open","ping_status":"closed","template":"","meta":{"_acf_changed":false},"product_brand":[],"product_cat":[290,288],"product_tag":[339,454,338,333,334,331,332,330,360,359],"class_list":{"0":"post-3428","1":"product","2":"type-product","3":"status-publish","4":"has-post-thumbnail","6":"product_cat-collection-numero-1-fr","7":"product_cat-montres","8":"product_tag-black-fr","9":"product_tag-black-band-fr","10":"product_tag-case-fr","11":"product_tag-design-fr","12":"product_tag-metal-fr","13":"product_tag-montre-fr","14":"product_tag-uhren-fr","15":"product_tag-watch-fr","16":"product_tag-watch-design-fr","17":"product_tag-watches-fr","19":"first","20":"outofstock","21":"taxable","22":"shipping-taxable","23":"purchasable","24":"product-type-simple","26":"catalog-layout-default","27":"columns-xs-2"},"acf":[],"yoast_head":"<!-- This site is optimized with the Yoast SEO plugin v27.2 - https:\/\/yoast.com\/product\/yoast-seo-wordpress\/ -->\n<title>Montre noire 36mm - bracelet en cuir noir 18mm - NEPTO<\/title>\n<meta name=\"description\" content=\"Montre noire 36mm - bracelet en cuir noir 18mm : Avec \u00e9l\u00e9gance et sensibilit\u00e9, ce cadran pr\u00e9sente une magnifique Iris noir et blanc en impression 3D qui couvre tout le cadran. Avec le relief int\u00e9gr\u00e9 dans le cadran et la forme convexe de son verre min\u00e9ral durci K1, il ne manque plus que le parfum pour avoir une v\u00e9ritable fleur au poignet.\" \/>\n<meta name=\"robots\" content=\"index, follow, max-snippet:-1, max-image-preview:large, max-video-preview:-1\" \/>\n<link rel=\"canonical\" href=\"https:\/\/nepto.net\/fr\/produit\/black-flower-cuir-noir-croco\/\" \/>\n<meta property=\"og:locale\" content=\"fr_FR\" \/>\n<meta property=\"og:type\" content=\"article\" \/>\n<meta property=\"og:title\" content=\"Montre noire 36mm - bracelet en cuir noir 18mm - NEPTO\" \/>\n<meta property=\"og:description\" content=\"Montre noire 36mm - bracelet en cuir noir 18mm : Avec \u00e9l\u00e9gance et sensibilit\u00e9, ce cadran pr\u00e9sente une magnifique Iris noir et blanc en impression 3D qui couvre tout le cadran. Avec le relief int\u00e9gr\u00e9 dans le cadran et la forme convexe de son verre min\u00e9ral durci K1, il ne manque plus que le parfum pour avoir une v\u00e9ritable fleur au poignet.\" \/>\n<meta property=\"og:url\" content=\"https:\/\/nepto.net\/fr\/produit\/black-flower-cuir-noir-croco\/\" \/>\n<meta property=\"og:site_name\" content=\"NEPTO\" \/>\n<meta property=\"article:publisher\" content=\"https:\/\/www.facebook.com\/nepto.official\" \/>\n<meta property=\"article:modified_time\" content=\"2024-04-18T17:26:58+00:00\" \/>\n<meta property=\"og:image\" content=\"https:\/\/nepto.net\/wp-content\/uploads\/2023\/11\/NBF-BCrL18-mirror.png\" \/>\n\t<meta property=\"og:image:width\" content=\"1001\" \/>\n\t<meta property=\"og:image:height\" content=\"1001\" \/>\n\t<meta property=\"og:image:type\" content=\"image\/png\" \/>\n<script type=\"application\/ld+json\" class=\"yoast-schema-graph\">{\"@context\":\"https:\/\/schema.org\",\"@graph\":[{\"@type\":\"WebPage\",\"@id\":\"https:\/\/nepto.net\/fr\/produit\/black-flower-cuir-noir-croco\/\",\"url\":\"https:\/\/nepto.net\/fr\/produit\/black-flower-cuir-noir-croco\/\",\"name\":\"Montre noire 36mm - bracelet en cuir noir 18mm - NEPTO\",\"isPartOf\":{\"@id\":\"https:\/\/nepto.net\/fr\/#website\"},\"primaryImageOfPage\":{\"@id\":\"https:\/\/nepto.net\/fr\/produit\/black-flower-cuir-noir-croco\/#primaryimage\"},\"image\":{\"@id\":\"https:\/\/nepto.net\/fr\/produit\/black-flower-cuir-noir-croco\/#primaryimage\"},\"thumbnailUrl\":\"https:\/\/nepto.net\/wp-content\/uploads\/2023\/11\/NBF-BCrL18-mirror.png\",\"datePublished\":\"2020-05-20T16:41:34+00:00\",\"dateModified\":\"2024-04-18T17:26:58+00:00\",\"description\":\"Montre noire 36mm - bracelet en cuir noir 18mm : Avec \u00e9l\u00e9gance et sensibilit\u00e9, ce cadran pr\u00e9sente une magnifique Iris noir et blanc en impression 3D qui couvre tout le cadran. Avec le relief int\u00e9gr\u00e9 dans le cadran et la forme convexe de son verre min\u00e9ral durci K1, il ne manque plus que le parfum pour avoir une v\u00e9ritable fleur au poignet.\",\"breadcrumb\":{\"@id\":\"https:\/\/nepto.net\/fr\/produit\/black-flower-cuir-noir-croco\/#breadcrumb\"},\"inLanguage\":\"fr-FR\",\"potentialAction\":[{\"@type\":\"ReadAction\",\"target\":[\"https:\/\/nepto.net\/fr\/produit\/black-flower-cuir-noir-croco\/\"]}]},{\"@type\":\"ImageObject\",\"inLanguage\":\"fr-FR\",\"@id\":\"https:\/\/nepto.net\/fr\/produit\/black-flower-cuir-noir-croco\/#primaryimage\",\"url\":\"https:\/\/nepto.net\/wp-content\/uploads\/2023\/11\/NBF-BCrL18-mirror.png\",\"contentUrl\":\"https:\/\/nepto.net\/wp-content\/uploads\/2023\/11\/NBF-BCrL18-mirror.png\",\"width\":1001,\"height\":1001},{\"@type\":\"BreadcrumbList\",\"@id\":\"https:\/\/nepto.net\/fr\/produit\/black-flower-cuir-noir-croco\/#breadcrumb\",\"itemListElement\":[{\"@type\":\"ListItem\",\"position\":1,\"name\":\"Accueil\",\"item\":\"https:\/\/nepto.net\/fr\/\"},{\"@type\":\"ListItem\",\"position\":2,\"name\":\"Page boutique woocommerce\",\"item\":\"https:\/\/nepto.net\/pageboutique\/\"},{\"@type\":\"ListItem\",\"position\":3,\"name\":\"Montre Black Flower &#8211; Cuir Noir Croco\"}]},{\"@type\":\"WebSite\",\"@id\":\"https:\/\/nepto.net\/fr\/#website\",\"url\":\"https:\/\/nepto.net\/fr\/\",\"name\":\"NEPTO\",\"description\":\"A new shape of time\",\"publisher\":{\"@id\":\"https:\/\/nepto.net\/fr\/#organization\"},\"potentialAction\":[{\"@type\":\"SearchAction\",\"target\":{\"@type\":\"EntryPoint\",\"urlTemplate\":\"https:\/\/nepto.net\/fr\/?s={search_term_string}\"},\"query-input\":{\"@type\":\"PropertyValueSpecification\",\"valueRequired\":true,\"valueName\":\"search_term_string\"}}],\"inLanguage\":\"fr-FR\"},{\"@type\":\"Organization\",\"@id\":\"https:\/\/nepto.net\/fr\/#organization\",\"name\":\"NEPTO\",\"url\":\"https:\/\/nepto.net\/fr\/\",\"logo\":{\"@type\":\"ImageObject\",\"inLanguage\":\"fr-FR\",\"@id\":\"https:\/\/nepto.net\/fr\/#\/schema\/logo\/image\/\",\"url\":\"https:\/\/nepto.net\/wp-content\/uploads\/2023\/03\/logo-nepto-website.jpg\",\"contentUrl\":\"https:\/\/nepto.net\/wp-content\/uploads\/2023\/03\/logo-nepto-website.jpg\",\"width\":696,\"height\":696,\"caption\":\"NEPTO\"},\"image\":{\"@id\":\"https:\/\/nepto.net\/fr\/#\/schema\/logo\/image\/\"},\"sameAs\":[\"https:\/\/www.facebook.com\/nepto.official\",\"https:\/\/www.instagram.com\/nepto.official\/?hl=en\",\"https:\/\/www.pinterest.de\/neptowatch\/_created\/\",\"https:\/\/www.youtube.com\/channel\/UClEuoywFQJM9wyoFqIqNT-Q\"]}]}<\/script>\n<!-- \/ Yoast SEO plugin. -->","yoast_head_json":{"title":"Montre noire 36mm - bracelet en cuir noir 18mm - NEPTO","description":"Montre noire 36mm - bracelet en cuir noir 18mm : Avec \u00e9l\u00e9gance et sensibilit\u00e9, ce cadran pr\u00e9sente une magnifique Iris noir et blanc en impression 3D qui couvre tout le cadran. Avec le relief int\u00e9gr\u00e9 dans le cadran et la forme convexe de son verre min\u00e9ral durci K1, il ne manque plus que le parfum pour avoir une v\u00e9ritable fleur au poignet.","robots":{"index":"index","follow":"follow","max-snippet":"max-snippet:-1","max-image-preview":"max-image-preview:large","max-video-preview":"max-video-preview:-1"},"canonical":"https:\/\/nepto.net\/fr\/produit\/black-flower-cuir-noir-croco\/","og_locale":"fr_FR","og_type":"article","og_title":"Montre noire 36mm - bracelet en cuir noir 18mm - NEPTO","og_description":"Montre noire 36mm - bracelet en cuir noir 18mm : Avec \u00e9l\u00e9gance et sensibilit\u00e9, ce cadran pr\u00e9sente une magnifique Iris noir et blanc en impression 3D qui couvre tout le cadran. Avec le relief int\u00e9gr\u00e9 dans le cadran et la forme convexe de son verre min\u00e9ral durci K1, il ne manque plus que le parfum pour avoir une v\u00e9ritable fleur au poignet.","og_url":"https:\/\/nepto.net\/fr\/produit\/black-flower-cuir-noir-croco\/","og_site_name":"NEPTO","article_publisher":"https:\/\/www.facebook.com\/nepto.official","article_modified_time":"2024-04-18T17:26:58+00:00","og_image":[{"width":1001,"height":1001,"url":"https:\/\/nepto.net\/wp-content\/uploads\/2023\/11\/NBF-BCrL18-mirror.png","type":"image\/png"}],"schema":{"@context":"https:\/\/schema.org","@graph":[{"@type":"WebPage","@id":"https:\/\/nepto.net\/fr\/produit\/black-flower-cuir-noir-croco\/","url":"https:\/\/nepto.net\/fr\/produit\/black-flower-cuir-noir-croco\/","name":"Montre noire 36mm - bracelet en cuir noir 18mm - NEPTO","isPartOf":{"@id":"https:\/\/nepto.net\/fr\/#website"},"primaryImageOfPage":{"@id":"https:\/\/nepto.net\/fr\/produit\/black-flower-cuir-noir-croco\/#primaryimage"},"image":{"@id":"https:\/\/nepto.net\/fr\/produit\/black-flower-cuir-noir-croco\/#primaryimage"},"thumbnailUrl":"https:\/\/nepto.net\/wp-content\/uploads\/2023\/11\/NBF-BCrL18-mirror.png","datePublished":"2020-05-20T16:41:34+00:00","dateModified":"2024-04-18T17:26:58+00:00","description":"Montre noire 36mm - bracelet en cuir noir 18mm : Avec \u00e9l\u00e9gance et sensibilit\u00e9, ce cadran pr\u00e9sente une magnifique Iris noir et blanc en impression 3D qui couvre tout le cadran. Avec le relief int\u00e9gr\u00e9 dans le cadran et la forme convexe de son verre min\u00e9ral durci K1, il ne manque plus que le parfum pour avoir une v\u00e9ritable fleur au poignet.","breadcrumb":{"@id":"https:\/\/nepto.net\/fr\/produit\/black-flower-cuir-noir-croco\/#breadcrumb"},"inLanguage":"fr-FR","potentialAction":[{"@type":"ReadAction","target":["https:\/\/nepto.net\/fr\/produit\/black-flower-cuir-noir-croco\/"]}]},{"@type":"ImageObject","inLanguage":"fr-FR","@id":"https:\/\/nepto.net\/fr\/produit\/black-flower-cuir-noir-croco\/#primaryimage","url":"https:\/\/nepto.net\/wp-content\/uploads\/2023\/11\/NBF-BCrL18-mirror.png","contentUrl":"https:\/\/nepto.net\/wp-content\/uploads\/2023\/11\/NBF-BCrL18-mirror.png","width":1001,"height":1001},{"@type":"BreadcrumbList","@id":"https:\/\/nepto.net\/fr\/produit\/black-flower-cuir-noir-croco\/#breadcrumb","itemListElement":[{"@type":"ListItem","position":1,"name":"Accueil","item":"https:\/\/nepto.net\/fr\/"},{"@type":"ListItem","position":2,"name":"Page boutique woocommerce","item":"https:\/\/nepto.net\/pageboutique\/"},{"@type":"ListItem","position":3,"name":"Montre Black Flower &#8211; Cuir Noir Croco"}]},{"@type":"WebSite","@id":"https:\/\/nepto.net\/fr\/#website","url":"https:\/\/nepto.net\/fr\/","name":"NEPTO","description":"A new shape of time","publisher":{"@id":"https:\/\/nepto.net\/fr\/#organization"},"potentialAction":[{"@type":"SearchAction","target":{"@type":"EntryPoint","urlTemplate":"https:\/\/nepto.net\/fr\/?s={search_term_string}"},"query-input":{"@type":"PropertyValueSpecification","valueRequired":true,"valueName":"search_term_string"}}],"inLanguage":"fr-FR"},{"@type":"Organization","@id":"https:\/\/nepto.net\/fr\/#organization","name":"NEPTO","url":"https:\/\/nepto.net\/fr\/","logo":{"@type":"ImageObject","inLanguage":"fr-FR","@id":"https:\/\/nepto.net\/fr\/#\/schema\/logo\/image\/","url":"https:\/\/nepto.net\/wp-content\/uploads\/2023\/03\/logo-nepto-website.jpg","contentUrl":"https:\/\/nepto.net\/wp-content\/uploads\/2023\/03\/logo-nepto-website.jpg","width":696,"height":696,"caption":"NEPTO"},"image":{"@id":"https:\/\/nepto.net\/fr\/#\/schema\/logo\/image\/"},"sameAs":["https:\/\/www.facebook.com\/nepto.official","https:\/\/www.instagram.com\/nepto.official\/?hl=en","https:\/\/www.pinterest.de\/neptowatch\/_created\/","https:\/\/www.youtube.com\/channel\/UClEuoywFQJM9wyoFqIqNT-Q"]}]}},"_links":{"self":[{"href":"https:\/\/nepto.net\/fr\/wp-json\/wp\/v2\/product\/3428","targetHints":{"allow":["GET"]}}],"collection":[{"href":"https:\/\/nepto.net\/fr\/wp-json\/wp\/v2\/product"}],"about":[{"href":"https:\/\/nepto.net\/fr\/wp-json\/wp\/v2\/types\/product"}],"replies":[{"embeddable":true,"href":"https:\/\/nepto.net\/fr\/wp-json\/wp\/v2\/comments?post=3428"}],"wp:featuredmedia":[{"embeddable":true,"href":"https:\/\/nepto.net\/fr\/wp-json\/wp\/v2\/media\/6061"}],"wp:attachment":[{"href":"https:\/\/nepto.net\/fr\/wp-json\/wp\/v2\/media?parent=3428"}],"wp:term":[{"taxonomy":"product_brand","embeddable":true,"href":"https:\/\/nepto.net\/fr\/wp-json\/wp\/v2\/product_brand?post=3428"},{"taxonomy":"product_cat","embeddable":true,"href":"https:\/\/nepto.net\/fr\/wp-json\/wp\/v2\/product_cat?post=3428"},{"taxonomy":"product_tag","embeddable":true,"href":"https:\/\/nepto.net\/fr\/wp-json\/wp\/v2\/product_tag?post=3428"}],"curies":[{"name":"wp","href":"https:\/\/api.w.org\/{rel}","templated":true}]}}