{"id":3477,"date":"2020-10-14T23:43:05","date_gmt":"2020-10-14T22:43:05","guid":{"rendered":"https:\/\/nepto.net\/expedition-retour-et-garantie\/"},"modified":"2025-09-06T14:21:00","modified_gmt":"2025-09-06T13:21:00","slug":"expedition-retour-et-garantie","status":"publish","type":"page","link":"https:\/\/nepto.net\/fr\/expedition-retour-et-garantie\/","title":{"rendered":"Exp\u00e9dition, retour et garantie"},"content":{"rendered":"<p>&nbsp;<\/p>\n<p>&nbsp;<\/p>\n<p>&nbsp;<\/p>\n<p><strong>EXP\u00c9DITION ET RETOUR<\/strong><\/p>\n<p><strong>CONDITIONS DE LIVRAISON<\/strong><\/p>\n<p>Y a-t-il des frais d&rsquo;exp\u00e9dition ?<\/p>\n<p>NEPTO propose la livraison de tous ses produits vers tous les pays s\u00e9lectionnables lors de la saisie de l&rsquo;adresse de livraison, mais uniquement pour les commandes d&rsquo;un montant sup\u00e9rieur \u00e0 100 euros. En dessous de ce montant, nous appliquons des frais de livraison \u00e0 nos clients en fonction de leur r\u00e9gion.<\/p>\n<p>Veuillez noter que les commandes exp\u00e9di\u00e9es \u00e0 des adresses situ\u00e9es en dehors de l&rsquo;UE peuvent \u00eatre soumises \u00e0 des droits de douane et d&rsquo;importation, qui sont per\u00e7us lorsque le colis atteint l&rsquo;adresse de livraison sp\u00e9cifi\u00e9e. L&rsquo;acheteur est responsable du paiement de ces droits de douane et d&rsquo;importation.<\/p>\n<p>NEPTO ne participe pas \u00e0 la collecte de ces droits et ne peut pas en pr\u00e9voir la valeur. Nous conseillons \u00e0 nos clients de contacter le service douanier local du pays de livraison pour de plus amples informations.<\/p>\n<p><strong>POLITIQUE DES RETOURS<\/strong><\/p>\n<p>Frais de retour et responsabilit\u00e9<\/p>\n<p>Les frais de retour d&rsquo;une commande sont \u00e0 la charge de NEPTO, l&rsquo;acheteur doit pr\u00e9parer et exp\u00e9dier le colis et conserver les documents d&rsquo;exp\u00e9dition afin de les fournir \u00e0 NEPTO pour le remboursement. Pour un retour dans la p\u00e9riode d&rsquo;essai de 45 jours &#8211; qui prend effet au moment o\u00f9 l&rsquo;acheteur re\u00e7oit sa commande. NEPTO recommande vivement \u00e0 tout acheteur souhaitant retourner une commande de choisir un mode d&rsquo;exp\u00e9dition s\u00e9curis\u00e9. Les retours s&rsquo;effectuent aux risques de l&rsquo;acheteur.<\/p>\n<p><strong>Remboursement<\/strong><\/p>\n<p>En cas d&rsquo;annulation par l&rsquo;acheteur pendant la p\u00e9riode d&rsquo;essai, NEPTO remboursera l&rsquo;acheteur dans les 15 jours suivant la r\u00e9ception du retour. Toute somme due en raison du retour d&rsquo;une commande sera rembours\u00e9e sur le compte utilis\u00e9 par l&rsquo;acheteur pour payer la commande initiale.<\/p>\n<p><strong>Garantie et r\u00e9paration<\/strong><\/p>\n<p>Les conditions de garantie de NEPTO s&rsquo;appliquent automatiquement \u00e0 l&rsquo;achat de tout produit NEPTO. NEPTO offre une garantie de deux (2) ans sur ses montres. Cette garantie assure \u00e0 l&rsquo;acheteur que les produits remplissent toutes les conditions en termes d&rsquo;utilisation, de fiabilit\u00e9 et de r\u00e9sistance. Cette garantie n&rsquo;inclut ni les bracelets ni les verres ni les piles des montres NEPTO.<\/p>\n<p><strong>* Exception pour les articles retourn\u00e9s<\/strong><\/p>\n<p>Il n&rsquo;y a pas de p\u00e9riode d&rsquo;essai ni de retour pour les produits suivants :<\/p>\n<ul>\n<li>Tous les mod\u00e8les de montres Vultura de la collection Vultura.<\/li>\n<li>Tous les types de bracelets vendus s\u00e9par\u00e9ment.<\/li>\n<\/ul>\n","protected":false},"excerpt":{"rendered":"<p>&nbsp; &nbsp; &nbsp; EXP\u00c9DITION ET RETOUR CONDITIONS DE LIVRAISON Y a-t-il des frais d&rsquo;exp\u00e9dition ? NEPTO propose la livraison de tous ses produits vers tous les pays s\u00e9lectionnables lors de la saisie de l&rsquo;adresse de livraison, mais uniquement pour les commandes d&rsquo;un montant sup\u00e9rieur \u00e0 100 euros. En dessous de ce montant, nous appliquons des&hellip;<\/p>\n","protected":false},"author":2,"featured_media":0,"parent":0,"menu_order":0,"comment_status":"closed","ping_status":"closed","template":"","meta":{"_acf_changed":false,"footnotes":""},"class_list":["post-3477","page","type-page","status-publish","hentry"],"acf":[],"yoast_head":"<!-- This site is optimized with the Yoast SEO plugin v27.4 - https:\/\/yoast.com\/product\/yoast-seo-wordpress\/ -->\n<title>Exp\u00e9dition, retour et garantie - NEPTO<\/title>\n<meta name=\"robots\" content=\"index, follow, max-snippet:-1, max-image-preview:large, max-video-preview:-1\" \/>\n<link rel=\"canonical\" href=\"https:\/\/nepto.net\/fr\/expedition-retour-et-garantie\/\" \/>\n<meta property=\"og:locale\" content=\"fr_FR\" \/>\n<meta property=\"og:type\" content=\"article\" \/>\n<meta property=\"og:title\" content=\"Exp\u00e9dition, retour et garantie - NEPTO\" \/>\n<meta property=\"og:description\" content=\"&nbsp; &nbsp; &nbsp; EXP\u00c9DITION ET RETOUR CONDITIONS DE LIVRAISON Y a-t-il des frais d&rsquo;exp\u00e9dition ? NEPTO propose la livraison de tous ses produits vers tous les pays s\u00e9lectionnables lors de la saisie de l&rsquo;adresse de livraison, mais uniquement pour les commandes d&rsquo;un montant sup\u00e9rieur \u00e0 100 euros. En dessous de ce montant, nous appliquons des&hellip;\" \/>\n<meta property=\"og:url\" content=\"https:\/\/nepto.net\/fr\/expedition-retour-et-garantie\/\" \/>\n<meta property=\"og:site_name\" content=\"NEPTO\" \/>\n<meta property=\"article:publisher\" content=\"https:\/\/www.facebook.com\/nepto.official\" \/>\n<meta property=\"article:modified_time\" content=\"2025-09-06T13:21:00+00:00\" \/>\n<meta property=\"og:image\" content=\"https:\/\/nepto.net\/wp-content\/uploads\/2023\/03\/Nepto-watch-website.jpg\" \/>\n\t<meta property=\"og:image:width\" content=\"1200\" \/>\n\t<meta property=\"og:image:height\" content=\"675\" \/>\n\t<meta property=\"og:image:type\" content=\"image\/jpeg\" \/>\n<meta name=\"twitter:label1\" content=\"Dur\u00e9e de lecture estim\u00e9e\" \/>\n\t<meta name=\"twitter:data1\" content=\"2 minutes\" \/>\n<script type=\"application\/ld+json\" class=\"yoast-schema-graph\">{\"@context\":\"https:\\\/\\\/schema.org\",\"@graph\":[{\"@type\":\"WebPage\",\"@id\":\"https:\\\/\\\/nepto.net\\\/fr\\\/expedition-retour-et-garantie\\\/\",\"url\":\"https:\\\/\\\/nepto.net\\\/fr\\\/expedition-retour-et-garantie\\\/\",\"name\":\"Exp\u00e9dition, retour et garantie - NEPTO\",\"isPartOf\":{\"@id\":\"https:\\\/\\\/nepto.net\\\/fr\\\/#website\"},\"datePublished\":\"2020-10-14T22:43:05+00:00\",\"dateModified\":\"2025-09-06T13:21:00+00:00\",\"breadcrumb\":{\"@id\":\"https:\\\/\\\/nepto.net\\\/fr\\\/expedition-retour-et-garantie\\\/#breadcrumb\"},\"inLanguage\":\"fr-FR\",\"potentialAction\":[{\"@type\":\"ReadAction\",\"target\":[\"https:\\\/\\\/nepto.net\\\/fr\\\/expedition-retour-et-garantie\\\/\"]}]},{\"@type\":\"BreadcrumbList\",\"@id\":\"https:\\\/\\\/nepto.net\\\/fr\\\/expedition-retour-et-garantie\\\/#breadcrumb\",\"itemListElement\":[{\"@type\":\"ListItem\",\"position\":1,\"name\":\"Accueil\",\"item\":\"https:\\\/\\\/nepto.net\\\/fr\\\/\"},{\"@type\":\"ListItem\",\"position\":2,\"name\":\"Exp\u00e9dition, retour et garantie\"}]},{\"@type\":\"WebSite\",\"@id\":\"https:\\\/\\\/nepto.net\\\/fr\\\/#website\",\"url\":\"https:\\\/\\\/nepto.net\\\/fr\\\/\",\"name\":\"NEPTO\",\"description\":\"A new shape of time\",\"publisher\":{\"@id\":\"https:\\\/\\\/nepto.net\\\/fr\\\/#organization\"},\"potentialAction\":[{\"@type\":\"SearchAction\",\"target\":{\"@type\":\"EntryPoint\",\"urlTemplate\":\"https:\\\/\\\/nepto.net\\\/fr\\\/?s={search_term_string}\"},\"query-input\":{\"@type\":\"PropertyValueSpecification\",\"valueRequired\":true,\"valueName\":\"search_term_string\"}}],\"inLanguage\":\"fr-FR\"},{\"@type\":\"Organization\",\"@id\":\"https:\\\/\\\/nepto.net\\\/fr\\\/#organization\",\"name\":\"NEPTO\",\"url\":\"https:\\\/\\\/nepto.net\\\/fr\\\/\",\"logo\":{\"@type\":\"ImageObject\",\"inLanguage\":\"fr-FR\",\"@id\":\"https:\\\/\\\/nepto.net\\\/fr\\\/#\\\/schema\\\/logo\\\/image\\\/\",\"url\":\"https:\\\/\\\/nepto.net\\\/wp-content\\\/uploads\\\/2023\\\/03\\\/logo-nepto-website.jpg\",\"contentUrl\":\"https:\\\/\\\/nepto.net\\\/wp-content\\\/uploads\\\/2023\\\/03\\\/logo-nepto-website.jpg\",\"width\":696,\"height\":696,\"caption\":\"NEPTO\"},\"image\":{\"@id\":\"https:\\\/\\\/nepto.net\\\/fr\\\/#\\\/schema\\\/logo\\\/image\\\/\"},\"sameAs\":[\"https:\\\/\\\/www.facebook.com\\\/nepto.official\",\"https:\\\/\\\/www.instagram.com\\\/nepto.official\\\/?hl=en\",\"https:\\\/\\\/www.pinterest.de\\\/neptowatch\\\/_created\\\/\",\"https:\\\/\\\/www.youtube.com\\\/channel\\\/UClEuoywFQJM9wyoFqIqNT-Q\"]}]}<\/script>\n<!-- \/ Yoast SEO plugin. -->","yoast_head_json":{"title":"Exp\u00e9dition, retour et garantie - NEPTO","robots":{"index":"index","follow":"follow","max-snippet":"max-snippet:-1","max-image-preview":"max-image-preview:large","max-video-preview":"max-video-preview:-1"},"canonical":"https:\/\/nepto.net\/fr\/expedition-retour-et-garantie\/","og_locale":"fr_FR","og_type":"article","og_title":"Exp\u00e9dition, retour et garantie - NEPTO","og_description":"&nbsp; &nbsp; &nbsp; EXP\u00c9DITION ET RETOUR CONDITIONS DE LIVRAISON Y a-t-il des frais d&rsquo;exp\u00e9dition ? NEPTO propose la livraison de tous ses produits vers tous les pays s\u00e9lectionnables lors de la saisie de l&rsquo;adresse de livraison, mais uniquement pour les commandes d&rsquo;un montant sup\u00e9rieur \u00e0 100 euros. En dessous de ce montant, nous appliquons des&hellip;","og_url":"https:\/\/nepto.net\/fr\/expedition-retour-et-garantie\/","og_site_name":"NEPTO","article_publisher":"https:\/\/www.facebook.com\/nepto.official","article_modified_time":"2025-09-06T13:21:00+00:00","og_image":[{"width":1200,"height":675,"url":"https:\/\/nepto.net\/wp-content\/uploads\/2023\/03\/Nepto-watch-website.jpg","type":"image\/jpeg"}],"twitter_misc":{"Dur\u00e9e de lecture estim\u00e9e":"2 minutes"},"schema":{"@context":"https:\/\/schema.org","@graph":[{"@type":"WebPage","@id":"https:\/\/nepto.net\/fr\/expedition-retour-et-garantie\/","url":"https:\/\/nepto.net\/fr\/expedition-retour-et-garantie\/","name":"Exp\u00e9dition, retour et garantie - NEPTO","isPartOf":{"@id":"https:\/\/nepto.net\/fr\/#website"},"datePublished":"2020-10-14T22:43:05+00:00","dateModified":"2025-09-06T13:21:00+00:00","breadcrumb":{"@id":"https:\/\/nepto.net\/fr\/expedition-retour-et-garantie\/#breadcrumb"},"inLanguage":"fr-FR","potentialAction":[{"@type":"ReadAction","target":["https:\/\/nepto.net\/fr\/expedition-retour-et-garantie\/"]}]},{"@type":"BreadcrumbList","@id":"https:\/\/nepto.net\/fr\/expedition-retour-et-garantie\/#breadcrumb","itemListElement":[{"@type":"ListItem","position":1,"name":"Accueil","item":"https:\/\/nepto.net\/fr\/"},{"@type":"ListItem","position":2,"name":"Exp\u00e9dition, retour et garantie"}]},{"@type":"WebSite","@id":"https:\/\/nepto.net\/fr\/#website","url":"https:\/\/nepto.net\/fr\/","name":"NEPTO","description":"A new shape of time","publisher":{"@id":"https:\/\/nepto.net\/fr\/#organization"},"potentialAction":[{"@type":"SearchAction","target":{"@type":"EntryPoint","urlTemplate":"https:\/\/nepto.net\/fr\/?s={search_term_string}"},"query-input":{"@type":"PropertyValueSpecification","valueRequired":true,"valueName":"search_term_string"}}],"inLanguage":"fr-FR"},{"@type":"Organization","@id":"https:\/\/nepto.net\/fr\/#organization","name":"NEPTO","url":"https:\/\/nepto.net\/fr\/","logo":{"@type":"ImageObject","inLanguage":"fr-FR","@id":"https:\/\/nepto.net\/fr\/#\/schema\/logo\/image\/","url":"https:\/\/nepto.net\/wp-content\/uploads\/2023\/03\/logo-nepto-website.jpg","contentUrl":"https:\/\/nepto.net\/wp-content\/uploads\/2023\/03\/logo-nepto-website.jpg","width":696,"height":696,"caption":"NEPTO"},"image":{"@id":"https:\/\/nepto.net\/fr\/#\/schema\/logo\/image\/"},"sameAs":["https:\/\/www.facebook.com\/nepto.official","https:\/\/www.instagram.com\/nepto.official\/?hl=en","https:\/\/www.pinterest.de\/neptowatch\/_created\/","https:\/\/www.youtube.com\/channel\/UClEuoywFQJM9wyoFqIqNT-Q"]}]}},"_links":{"self":[{"href":"https:\/\/nepto.net\/fr\/wp-json\/wp\/v2\/pages\/3477","targetHints":{"allow":["GET"]}}],"collection":[{"href":"https:\/\/nepto.net\/fr\/wp-json\/wp\/v2\/pages"}],"about":[{"href":"https:\/\/nepto.net\/fr\/wp-json\/wp\/v2\/types\/page"}],"author":[{"embeddable":true,"href":"https:\/\/nepto.net\/fr\/wp-json\/wp\/v2\/users\/2"}],"replies":[{"embeddable":true,"href":"https:\/\/nepto.net\/fr\/wp-json\/wp\/v2\/comments?post=3477"}],"version-history":[{"count":0,"href":"https:\/\/nepto.net\/fr\/wp-json\/wp\/v2\/pages\/3477\/revisions"}],"wp:attachment":[{"href":"https:\/\/nepto.net\/fr\/wp-json\/wp\/v2\/media?parent=3477"}],"curies":[{"name":"wp","href":"https:\/\/api.w.org\/{rel}","templated":true}]}}