{"id":3467,"date":"2020-10-14T23:11:45","date_gmt":"2020-10-14T22:11:45","guid":{"rendered":"https:\/\/nepto.net\/mention-legale\/"},"modified":"2020-10-14T23:11:45","modified_gmt":"2020-10-14T22:11:45","slug":"mention-legale","status":"publish","type":"page","link":"https:\/\/nepto.net\/fr\/mention-legale\/","title":{"rendered":"Mention L\u00e9gale"},"content":{"rendered":"<p>Mention L\u00e9gale<\/p>\n<p>Le site est \u00e9dit\u00e9 par NEPTO, soci\u00e9t\u00e9 par actions simplifi\u00e9e, au capital de 1&rsquo;000.00 euros, immatricul\u00e9e au Registre du Commerce et des Soci\u00e9t\u00e9s de Versailles sous le num\u00e9ro 840 805 535.<\/p>\n<p>Son si\u00e8ge social est situ\u00e9 au 1 rue Gambetta, 78600 Mesnil-le-roi.<\/p>\n<p>Adresse \u00e9lectronique : hello@nepto.net<\/p>\n<p>Num\u00e9ro de TVA intracommunautaire : FR02 840805535<\/p>\n<p>Le directeur de publication est Vincent Ifrah, pr\u00e9sident de NEPTO SAS.<\/p>\n<p>Le site web est h\u00e9berg\u00e9 par https:\/\/phpmyadmin.cluster007.hosting.ovh.net\/index.php.<\/p>\n<p>Informations concernant le r\u00e8glement des litiges en ligne en vertu de l&rsquo;art. 14, al. 1 de l&rsquo;ODR (R\u00e8glement sur le r\u00e8glement des litiges en ligne) :<\/p>\n<p>La Commission europ\u00e9enne donne aux consommateurs la possibilit\u00e9 de r\u00e9soudre les litiges en ligne conform\u00e9ment \u00e0 l&rsquo;article 14, paragraphe 1, de l&rsquo;ODR (r\u00e8glement relatif au r\u00e8glement des litiges en ligne). 14, paragraphe 1, de l&rsquo;ODR (r\u00e8glement relatif au r\u00e8glement des litiges en ligne). 1 de l&rsquo;ODR sur l&rsquo;une de leurs plateformes. La plate-forme (http:\/\/ec.europa.eu\/consumers\/odr) sert de site o\u00f9 les consommateurs peuvent essayer de parvenir \u00e0 un r\u00e8glement extrajudiciaire des litiges r\u00e9sultant d&rsquo;achats et de contrats de services en ligne.<\/p>\n","protected":false},"excerpt":{"rendered":"<p>Mention L\u00e9gale Le site est \u00e9dit\u00e9 par NEPTO, soci\u00e9t\u00e9 par actions simplifi\u00e9e, au capital de 1&rsquo;000.00 euros, immatricul\u00e9e au Registre du Commerce et des Soci\u00e9t\u00e9s de Versailles sous le num\u00e9ro 840 805 535. Son si\u00e8ge social est situ\u00e9 au 1 rue Gambetta, 78600 Mesnil-le-roi. Adresse \u00e9lectronique : hello@nepto.net Num\u00e9ro de TVA intracommunautaire : FR02 840805535&hellip;<\/p>\n","protected":false},"author":2,"featured_media":0,"parent":0,"menu_order":0,"comment_status":"closed","ping_status":"closed","template":"","meta":{"_acf_changed":false,"footnotes":""},"class_list":["post-3467","page","type-page","status-publish","hentry"],"acf":[],"yoast_head":"<!-- This site is optimized with the Yoast SEO plugin v27.4 - https:\/\/yoast.com\/product\/yoast-seo-wordpress\/ -->\n<title>Mention L\u00e9gale - NEPTO<\/title>\n<meta name=\"robots\" content=\"index, follow, max-snippet:-1, max-image-preview:large, max-video-preview:-1\" \/>\n<link rel=\"canonical\" href=\"https:\/\/nepto.net\/fr\/mention-legale\/\" \/>\n<meta property=\"og:locale\" content=\"fr_FR\" \/>\n<meta property=\"og:type\" content=\"article\" \/>\n<meta property=\"og:title\" content=\"Mention L\u00e9gale - NEPTO\" \/>\n<meta property=\"og:description\" content=\"Mention L\u00e9gale Le site est \u00e9dit\u00e9 par NEPTO, soci\u00e9t\u00e9 par actions simplifi\u00e9e, au capital de 1&rsquo;000.00 euros, immatricul\u00e9e au Registre du Commerce et des Soci\u00e9t\u00e9s de Versailles sous le num\u00e9ro 840 805 535. Son si\u00e8ge social est situ\u00e9 au 1 rue Gambetta, 78600 Mesnil-le-roi. Adresse \u00e9lectronique : hello@nepto.net Num\u00e9ro de TVA intracommunautaire : FR02 840805535&hellip;\" \/>\n<meta property=\"og:url\" content=\"https:\/\/nepto.net\/fr\/mention-legale\/\" \/>\n<meta property=\"og:site_name\" content=\"NEPTO\" \/>\n<meta property=\"article:publisher\" content=\"https:\/\/www.facebook.com\/nepto.official\" \/>\n<meta property=\"og:image\" content=\"https:\/\/nepto.net\/wp-content\/uploads\/2023\/03\/Nepto-watch-website.jpg\" \/>\n\t<meta property=\"og:image:width\" content=\"1200\" \/>\n\t<meta property=\"og:image:height\" content=\"675\" \/>\n\t<meta property=\"og:image:type\" content=\"image\/jpeg\" \/>\n<meta name=\"twitter:label1\" content=\"Dur\u00e9e de lecture estim\u00e9e\" \/>\n\t<meta name=\"twitter:data1\" content=\"1 minute\" \/>\n<script type=\"application\/ld+json\" class=\"yoast-schema-graph\">{\"@context\":\"https:\\\/\\\/schema.org\",\"@graph\":[{\"@type\":\"WebPage\",\"@id\":\"https:\\\/\\\/nepto.net\\\/fr\\\/mention-legale\\\/\",\"url\":\"https:\\\/\\\/nepto.net\\\/fr\\\/mention-legale\\\/\",\"name\":\"Mention L\u00e9gale - NEPTO\",\"isPartOf\":{\"@id\":\"https:\\\/\\\/nepto.net\\\/fr\\\/#website\"},\"datePublished\":\"2020-10-14T22:11:45+00:00\",\"breadcrumb\":{\"@id\":\"https:\\\/\\\/nepto.net\\\/fr\\\/mention-legale\\\/#breadcrumb\"},\"inLanguage\":\"fr-FR\",\"potentialAction\":[{\"@type\":\"ReadAction\",\"target\":[\"https:\\\/\\\/nepto.net\\\/fr\\\/mention-legale\\\/\"]}]},{\"@type\":\"BreadcrumbList\",\"@id\":\"https:\\\/\\\/nepto.net\\\/fr\\\/mention-legale\\\/#breadcrumb\",\"itemListElement\":[{\"@type\":\"ListItem\",\"position\":1,\"name\":\"Accueil\",\"item\":\"https:\\\/\\\/nepto.net\\\/fr\\\/\"},{\"@type\":\"ListItem\",\"position\":2,\"name\":\"Mention L\u00e9gale\"}]},{\"@type\":\"WebSite\",\"@id\":\"https:\\\/\\\/nepto.net\\\/fr\\\/#website\",\"url\":\"https:\\\/\\\/nepto.net\\\/fr\\\/\",\"name\":\"NEPTO\",\"description\":\"A new shape of time\",\"publisher\":{\"@id\":\"https:\\\/\\\/nepto.net\\\/fr\\\/#organization\"},\"potentialAction\":[{\"@type\":\"SearchAction\",\"target\":{\"@type\":\"EntryPoint\",\"urlTemplate\":\"https:\\\/\\\/nepto.net\\\/fr\\\/?s={search_term_string}\"},\"query-input\":{\"@type\":\"PropertyValueSpecification\",\"valueRequired\":true,\"valueName\":\"search_term_string\"}}],\"inLanguage\":\"fr-FR\"},{\"@type\":\"Organization\",\"@id\":\"https:\\\/\\\/nepto.net\\\/fr\\\/#organization\",\"name\":\"NEPTO\",\"url\":\"https:\\\/\\\/nepto.net\\\/fr\\\/\",\"logo\":{\"@type\":\"ImageObject\",\"inLanguage\":\"fr-FR\",\"@id\":\"https:\\\/\\\/nepto.net\\\/fr\\\/#\\\/schema\\\/logo\\\/image\\\/\",\"url\":\"https:\\\/\\\/nepto.net\\\/wp-content\\\/uploads\\\/2023\\\/03\\\/logo-nepto-website.jpg\",\"contentUrl\":\"https:\\\/\\\/nepto.net\\\/wp-content\\\/uploads\\\/2023\\\/03\\\/logo-nepto-website.jpg\",\"width\":696,\"height\":696,\"caption\":\"NEPTO\"},\"image\":{\"@id\":\"https:\\\/\\\/nepto.net\\\/fr\\\/#\\\/schema\\\/logo\\\/image\\\/\"},\"sameAs\":[\"https:\\\/\\\/www.facebook.com\\\/nepto.official\",\"https:\\\/\\\/www.instagram.com\\\/nepto.official\\\/?hl=en\",\"https:\\\/\\\/www.pinterest.de\\\/neptowatch\\\/_created\\\/\",\"https:\\\/\\\/www.youtube.com\\\/channel\\\/UClEuoywFQJM9wyoFqIqNT-Q\"]}]}<\/script>\n<!-- \/ Yoast SEO plugin. -->","yoast_head_json":{"title":"Mention L\u00e9gale - NEPTO","robots":{"index":"index","follow":"follow","max-snippet":"max-snippet:-1","max-image-preview":"max-image-preview:large","max-video-preview":"max-video-preview:-1"},"canonical":"https:\/\/nepto.net\/fr\/mention-legale\/","og_locale":"fr_FR","og_type":"article","og_title":"Mention L\u00e9gale - NEPTO","og_description":"Mention L\u00e9gale Le site est \u00e9dit\u00e9 par NEPTO, soci\u00e9t\u00e9 par actions simplifi\u00e9e, au capital de 1&rsquo;000.00 euros, immatricul\u00e9e au Registre du Commerce et des Soci\u00e9t\u00e9s de Versailles sous le num\u00e9ro 840 805 535. Son si\u00e8ge social est situ\u00e9 au 1 rue Gambetta, 78600 Mesnil-le-roi. Adresse \u00e9lectronique : hello@nepto.net Num\u00e9ro de TVA intracommunautaire : FR02 840805535&hellip;","og_url":"https:\/\/nepto.net\/fr\/mention-legale\/","og_site_name":"NEPTO","article_publisher":"https:\/\/www.facebook.com\/nepto.official","og_image":[{"width":1200,"height":675,"url":"https:\/\/nepto.net\/wp-content\/uploads\/2023\/03\/Nepto-watch-website.jpg","type":"image\/jpeg"}],"twitter_misc":{"Dur\u00e9e de lecture estim\u00e9e":"1 minute"},"schema":{"@context":"https:\/\/schema.org","@graph":[{"@type":"WebPage","@id":"https:\/\/nepto.net\/fr\/mention-legale\/","url":"https:\/\/nepto.net\/fr\/mention-legale\/","name":"Mention L\u00e9gale - NEPTO","isPartOf":{"@id":"https:\/\/nepto.net\/fr\/#website"},"datePublished":"2020-10-14T22:11:45+00:00","breadcrumb":{"@id":"https:\/\/nepto.net\/fr\/mention-legale\/#breadcrumb"},"inLanguage":"fr-FR","potentialAction":[{"@type":"ReadAction","target":["https:\/\/nepto.net\/fr\/mention-legale\/"]}]},{"@type":"BreadcrumbList","@id":"https:\/\/nepto.net\/fr\/mention-legale\/#breadcrumb","itemListElement":[{"@type":"ListItem","position":1,"name":"Accueil","item":"https:\/\/nepto.net\/fr\/"},{"@type":"ListItem","position":2,"name":"Mention L\u00e9gale"}]},{"@type":"WebSite","@id":"https:\/\/nepto.net\/fr\/#website","url":"https:\/\/nepto.net\/fr\/","name":"NEPTO","description":"A new shape of time","publisher":{"@id":"https:\/\/nepto.net\/fr\/#organization"},"potentialAction":[{"@type":"SearchAction","target":{"@type":"EntryPoint","urlTemplate":"https:\/\/nepto.net\/fr\/?s={search_term_string}"},"query-input":{"@type":"PropertyValueSpecification","valueRequired":true,"valueName":"search_term_string"}}],"inLanguage":"fr-FR"},{"@type":"Organization","@id":"https:\/\/nepto.net\/fr\/#organization","name":"NEPTO","url":"https:\/\/nepto.net\/fr\/","logo":{"@type":"ImageObject","inLanguage":"fr-FR","@id":"https:\/\/nepto.net\/fr\/#\/schema\/logo\/image\/","url":"https:\/\/nepto.net\/wp-content\/uploads\/2023\/03\/logo-nepto-website.jpg","contentUrl":"https:\/\/nepto.net\/wp-content\/uploads\/2023\/03\/logo-nepto-website.jpg","width":696,"height":696,"caption":"NEPTO"},"image":{"@id":"https:\/\/nepto.net\/fr\/#\/schema\/logo\/image\/"},"sameAs":["https:\/\/www.facebook.com\/nepto.official","https:\/\/www.instagram.com\/nepto.official\/?hl=en","https:\/\/www.pinterest.de\/neptowatch\/_created\/","https:\/\/www.youtube.com\/channel\/UClEuoywFQJM9wyoFqIqNT-Q"]}]}},"_links":{"self":[{"href":"https:\/\/nepto.net\/fr\/wp-json\/wp\/v2\/pages\/3467","targetHints":{"allow":["GET"]}}],"collection":[{"href":"https:\/\/nepto.net\/fr\/wp-json\/wp\/v2\/pages"}],"about":[{"href":"https:\/\/nepto.net\/fr\/wp-json\/wp\/v2\/types\/page"}],"author":[{"embeddable":true,"href":"https:\/\/nepto.net\/fr\/wp-json\/wp\/v2\/users\/2"}],"replies":[{"embeddable":true,"href":"https:\/\/nepto.net\/fr\/wp-json\/wp\/v2\/comments?post=3467"}],"version-history":[{"count":0,"href":"https:\/\/nepto.net\/fr\/wp-json\/wp\/v2\/pages\/3467\/revisions"}],"wp:attachment":[{"href":"https:\/\/nepto.net\/fr\/wp-json\/wp\/v2\/media?parent=3467"}],"curies":[{"name":"wp","href":"https:\/\/api.w.org\/{rel}","templated":true}]}}